{"id":10571,"date":"2023-06-23T12:29:18","date_gmt":"2023-06-23T15:29:18","guid":{"rendered":"https:\/\/glorinha.rs.gov.br\/gov\/?page_id=10571"},"modified":"2024-09-03T14:52:28","modified_gmt":"2024-09-03T17:52:28","slug":"concurso-publico-2023","status":"publish","type":"page","link":"https:\/\/glorinha.rs.gov.br\/gov\/?page_id=10571","title":{"rendered":"Concurso P\u00fablico 2023"},"content":{"rendered":"\t\t<div data-elementor-type=\"wp-page\" data-elementor-id=\"10571\" class=\"elementor elementor-10571\">\n\t\t\t\t\t\t<section class=\"elementor-section elementor-top-section elementor-element elementor-element-7312ae8a elementor-section-boxed elementor-section-height-default elementor-section-height-default\" data-id=\"7312ae8a\" data-element_type=\"section\" data-settings=\"{&quot;_ha_eqh_enable&quot;:false}\">\n\t\t\t\t\t\t<div class=\"elementor-container elementor-column-gap-default\">\n\t\t\t\t\t<div class=\"elementor-column elementor-col-100 elementor-top-column elementor-element elementor-element-6f92f3df\" data-id=\"6f92f3df\" data-element_type=\"column\">\n\t\t\t<div class=\"elementor-widget-wrap elementor-element-populated\">\n\t\t\t\t\t\t<div class=\"elementor-element elementor-element-6b9b7bad elementor-widget elementor-widget-text-editor\" data-id=\"6b9b7bad\" data-element_type=\"widget\" data-widget_type=\"text-editor.default\">\n\t\t\t\t<div class=\"elementor-widget-container\">\n\t\t\t\t\t\t\t<!-- wp:tadv\/classic-paragraph \/-->\n\n<!-- wp:tadv\/classic-paragraph \/-->\n\n<!-- wp:file \/-->\t\t\t\t\t\t<\/div>\n\t\t\t\t<\/div>\n\t\t\t\t\t<\/div>\n\t\t<\/div>\n\t\t\t\t\t<\/div>\n\t\t<\/section>\n\t\t\t\t<section class=\"elementor-section elementor-top-section elementor-element elementor-element-14a1433 elementor-section-boxed elementor-section-height-default elementor-section-height-default\" data-id=\"14a1433\" data-element_type=\"section\" data-settings=\"{&quot;_ha_eqh_enable&quot;:false}\">\n\t\t\t\t\t\t<div class=\"elementor-container elementor-column-gap-default\">\n\t\t\t\t\t<div class=\"elementor-column elementor-col-100 elementor-top-column elementor-element elementor-element-a6a3d44\" data-id=\"a6a3d44\" data-element_type=\"column\">\n\t\t\t<div class=\"elementor-widget-wrap elementor-element-populated\">\n\t\t\t\t\t\t<section class=\"elementor-section elementor-inner-section elementor-element elementor-element-5949e48 elementor-section-boxed elementor-section-height-default elementor-section-height-default\" data-id=\"5949e48\" data-element_type=\"section\" data-settings=\"{&quot;_ha_eqh_enable&quot;:false}\">\n\t\t\t\t\t\t<div class=\"elementor-container elementor-column-gap-no\">\n\t\t\t\t\t<div class=\"elementor-column elementor-col-100 elementor-inner-column elementor-element elementor-element-039575a\" data-id=\"039575a\" data-element_type=\"column\">\n\t\t\t<div class=\"elementor-widget-wrap elementor-element-populated\">\n\t\t\t\t\t\t<div class=\"elementor-element elementor-element-9543bb0 elementor-widget elementor-widget-heading\" data-id=\"9543bb0\" data-element_type=\"widget\" data-widget_type=\"heading.default\">\n\t\t\t\t<div class=\"elementor-widget-container\">\n\t\t\t<h2 class=\"elementor-heading-title elementor-size-default\">CONCURSO P\u00daBLICO 2023<\/h2>\t\t<\/div>\n\t\t\t\t<\/div>\n\t\t\t\t\t<\/div>\n\t\t<\/div>\n\t\t\t\t\t<\/div>\n\t\t<\/section>\n\t\t\t\t<div class=\"elementor-element elementor-element-2f328d2 elementor-widget elementor-widget-text-editor\" data-id=\"2f328d2\" data-element_type=\"widget\" data-widget_type=\"text-editor.default\">\n\t\t\t\t<div class=\"elementor-widget-container\">\n\t\t\t\t\t\t\t<p>O MUNIC\u00cdPIO DE GLORINHA, Pessoa Jur\u00eddica de Direito P\u00fablico, cadastrada sob o CNPJ n\u00ba 91.388.558\/0001-37, com sede \u00e0 Avenida Dr. Pomp\u00edlio Gomes Sobrinho, n\u00ba 23.400, Centro, representado pelo Prefeito Municipal em exerc\u00edcio, Sr. Rafael Sch\u00f6nardie Schmidt, no uso de suas atribui\u00e7\u00f5es legais, nos termos do artigo 37 da Constitui\u00e7\u00e3o Federal e Lei Org\u00e2nica Municipal e emendas, TORNA P\u00daBLICO que realizar\u00e1 CONCURSO P\u00daBLICO, sob Regime Estatut\u00e1rio, para provimento de vagas legais e forma\u00e7\u00e3o de Cadastro Reserva (CR) do Quadro Geral dos Servidores do Munic\u00edpio, com a execu\u00e7\u00e3o t\u00e9cnico-administrativa da empresa Legalle Concursos e Solu\u00e7\u00f5es Integradas Ltda., cadastrada sob o CNPJ n\u00ba 20.951.635\/0001-81, o qual reger-se-\u00e1 pelas Instru\u00e7\u00f5es Especiais contidas neste Edital e nas demais disposi\u00e7\u00f5es legais vigentes.<\/p>\t\t\t\t\t\t<\/div>\n\t\t\t\t<\/div>\n\t\t\t\t<div class=\"elementor-element elementor-element-e7bf177 ha-infobox-media-dir-left elementor-widget elementor-widget-ha-infobox happy-addon ha-infobox\" data-id=\"e7bf177\" data-element_type=\"widget\" data-widget_type=\"ha-infobox.default\">\n\t\t\t\t<div class=\"elementor-widget-container\">\n\t\t\t\n\t\t\t\t\t<figure class=\"ha-infobox-figure ha-infobox-figure--icon\">\n\t\t\t\t<i aria-hidden=\"true\" class=\"far fa-address-card\"><\/i>\t\t\t<\/figure>\n\t\t\n\t\t<div class=\"ha-infobox-body\">\n\t\t\t<h2 class=\"ha-infobox-title\">Concurso P\u00fablico 01\/2023 - Quadro Geral<\/h2>\n\t\t\t\n\t\t\t\t\t\t\t<a class=\"ha-btn ha-btn--link ha-btn--icon-after\" href=\"https:\/\/legalleconcursos.com.br\/editais\/ver\/d61d8b72ec3655d712fa1b7141fa4aeb\"><span class=\"ha-btn-text\">Abrir<\/span> <i class=\"ha-btn-icon fas fa-caret-right\" aria-hidden=\"true\"><\/i><\/a>\n\t\t\t\t\t\t<\/div>\n\t\t\t\t<\/div>\n\t\t\t\t<\/div>\n\t\t\t\t<div class=\"elementor-element elementor-element-2b0ecf9 ha-infobox-media-dir-left elementor-widget elementor-widget-ha-infobox happy-addon ha-infobox\" data-id=\"2b0ecf9\" data-element_type=\"widget\" data-widget_type=\"ha-infobox.default\">\n\t\t\t\t<div class=\"elementor-widget-container\">\n\t\t\t\n\t\t\t\t\t<figure class=\"ha-infobox-figure ha-infobox-figure--icon\">\n\t\t\t\t<i aria-hidden=\"true\" class=\"far fa-address-card\"><\/i>\t\t\t<\/figure>\n\t\t\n\t\t<div class=\"ha-infobox-body\">\n\t\t\t<h2 class=\"ha-infobox-title\">Concurso P\u00fablico 02\/2023 - Educa\u00e7\u00e3o<\/h2>\n\t\t\t\n\t\t\t\t\t\t\t<a class=\"ha-btn ha-btn--link ha-btn--icon-after\" href=\"https:\/\/legalleconcursos.com.br\/editais\/ver\/51f65ed7865b06676d53aa05f5dc25e8\"><span class=\"ha-btn-text\">Abrir<\/span> <i class=\"ha-btn-icon fas fa-caret-right\" aria-hidden=\"true\"><\/i><\/a>\n\t\t\t\t\t\t<\/div>\n\t\t\t\t<\/div>\n\t\t\t\t<\/div>\n\t\t\t\t\t<\/div>\n\t\t<\/div>\n\t\t\t\t\t<\/div>\n\t\t<\/section>\n\t\t\t\t<\/div>\n\t\t","protected":false},"excerpt":{"rendered":"<p>CONCURSO P\u00daBLICO 2023 O MUNIC\u00cdPIO DE GLORINHA, Pessoa Jur\u00eddica de Direito P\u00fablico, cadastrada sob o CNPJ n\u00ba 91.388.558\/0001-37, com sede \u00e0 Avenida Dr. Pomp\u00edlio Gomes Sobrinho, n\u00ba 23.400, Centro, representado&#8230;<\/p>\n","protected":false},"author":14,"featured_media":0,"parent":0,"menu_order":0,"comment_status":"closed","ping_status":"closed","template":"","meta":{"_eb_attr":"","footnotes":""},"class_list":["post-10571","page","type-page","status-publish","hentry"],"_links":{"self":[{"href":"https:\/\/glorinha.rs.gov.br\/gov\/index.php?rest_route=\/wp\/v2\/pages\/10571","targetHints":{"allow":["GET"]}}],"collection":[{"href":"https:\/\/glorinha.rs.gov.br\/gov\/index.php?rest_route=\/wp\/v2\/pages"}],"about":[{"href":"https:\/\/glorinha.rs.gov.br\/gov\/index.php?rest_route=\/wp\/v2\/types\/page"}],"author":[{"embeddable":true,"href":"https:\/\/glorinha.rs.gov.br\/gov\/index.php?rest_route=\/wp\/v2\/users\/14"}],"replies":[{"embeddable":true,"href":"https:\/\/glorinha.rs.gov.br\/gov\/index.php?rest_route=%2Fwp%2Fv2%2Fcomments&post=10571"}],"version-history":[{"count":0,"href":"https:\/\/glorinha.rs.gov.br\/gov\/index.php?rest_route=\/wp\/v2\/pages\/10571\/revisions"}],"wp:attachment":[{"href":"https:\/\/glorinha.rs.gov.br\/gov\/index.php?rest_route=%2Fwp%2Fv2%2Fmedia&parent=10571"}],"curies":[{"name":"wp","href":"https:\/\/api.w.org\/{rel}","templated":true}]}}