{"id":211,"date":"2017-02-15T22:16:05","date_gmt":"2017-02-16T00:16:05","guid":{"rendered":"http:\/\/localhost\/glorinhagov\/?page_id=211"},"modified":"2017-05-19T22:02:48","modified_gmt":"2017-05-20T01:02:48","slug":"nossos-simbolos","status":"publish","type":"page","link":"https:\/\/glorinha.rs.gov.br\/gov\/?page_id=211","title":{"rendered":"Nossos S\u00edmbolos"},"content":{"rendered":"<h2 style=\"text-align: justify;\">S\u00edmbolos de Glorinha<\/h2>\n<hr \/>\n<h4 style=\"text-align: justify;\"><strong>BRAS\u00c3O E BANDEIRA<\/strong><\/h4>\n<p style=\"text-align: justify;\">\u00a0 Pode-se afirmar que s\u00e3o duas imagens bastante familiares aos olhos de cada glorinhense, pois que s\u00e3o vistas praticamente todos os dias. Como s\u00edmbolos oficiais do munic\u00edpio, est\u00e3o incorporados a documentos, cerimoniais, atos solenes, datas comemorativas, homenagens, placas, como leg\u00edtimas e nobres marcas registradas exibindo com apuro e cores as caracter\u00edsticas mais emblem\u00e1ticas da terra que lhes cabe representar.<br \/>\nSobre a porta de entrada da Prefeitura, o bras\u00e3o e, pr\u00f3xima, a bandeira tremulando sempre honrada pela companhia dos pavilh\u00f5es Brasileiro e Rio-grandense.<br \/>\nInstitu\u00eddos em <strong>23 de abril de 1992<\/strong>, pela <strong>Lei N\u00ba 103<\/strong>, o bras\u00e3o e a bandeira municipais, assim como os a\u00e7udes e as centen\u00e1rias figueiras, j\u00e1 fazem parte de nossa paisagem e hist\u00f3ria.<br \/>\nSaiba mais sobre o seu surgimento, peculiaridades e instaura\u00e7\u00e3o, atrav\u00e9s de trechos selecionados da minuciosa descri\u00e7\u00e3o t\u00e9cnico-legal contida no texto original da Lei, assinada na administra\u00e7\u00e3o de <strong>Jo\u00e3o Carlos Fialho Gomes<\/strong>, primeiro Prefeito eleito de Glorinha.<\/p>\n<h4 style=\"text-align: justify;\"><strong>DO BRAS\u00c3O MUNICIPAL<\/strong><\/h4>\n<p style=\"text-align: justify;\"><strong>Art. 3\u00ba<\/strong> &#8211; O Bras\u00e3o Municipal possui as seguintes especifica\u00e7\u00f5es:<br \/>\n<strong>I &#8211; Escudo em forma de cuia de chimarr\u00e3o, na cor marrom em sua maior parte e branca em menor extens\u00e3o na ponta inferior, contendo: <\/strong><br \/>\na) A fachada frontal da Igreja Matriz do Munic\u00edpio, nas cores amarela e laranja, ocupando quase todo o espa\u00e7o superior do escudo;<br \/>\nb) Tr\u00eas cabe\u00e7as de gado na parte inferior, sendo um ovino branco, um bovino cinza e um eq\u00fcino marrom, todos com tra\u00e7os e detalhes em preto, sob o fundo branco.<br \/>\n<strong>II &#8211; Comp\u00f5em ainda o Bras\u00e3o:<\/strong><br \/>\na) A copada de uma figueira verde, sobre a base superior do escudo, como se fosse a erva do chimarr\u00e3o, transposta pelas torres da Igreja;<br \/>\nb) Quatro lan\u00e7as em preto, fixadas paralelamente duas a duas em cada extremidade da copada da figueira, sendo as superiores com a ponta composta de duas setas sucessivas, nas cores verde e laranja e as inferiores com a seta na cor verde, contendo uma bandeirola pendente na cor laranja;<br \/>\nc) Uma cidadela em forma de coroa, com quatro v\u00e3os centrais, edificada sob a forma de tijolos \u00e0s vista na cor branca com juntas em preto e interior cinza, suspensa sobre o escudo;<br \/>\nd) Um listel cinza em tr\u00eas planos, com as inscri\u00e7\u00f5es: &#8220;04.05 GLORINHA 1988&#8221;, colocado abaixo do escudo e preso a este por dois filetes em cada ponta;<br \/>\ne) Dois ramos de arroz localizados entre o listel e o escudo, um de cada lado.<br \/>\n(&#8230;)<br \/>\n<strong>Art. 8\u00ba<\/strong> &#8211; O Bras\u00e3o Municipal retrata aspectos do Munic\u00edpio, representando, mais especificamente:<br \/>\na) O escudo em forma de cuia &#8211; a hospitalidade de seu povo;<br \/>\nb) A cidadela e lan\u00e7as &#8211; sua soberania e defesa de seus interesses;<br \/>\nc) A Igreja Matriz &#8211; a forma\u00e7\u00e3o crist\u00e3 de seus habitantes;<br \/>\nd) A figueira &#8211; caracter\u00edstica principal do centro da cidade;<br \/>\ne) O gado e o arroz &#8211; a produ\u00e7\u00e3o agropecu\u00e1ria, sua economia b\u00e1sica;<br \/>\nf) As inscri\u00e7\u00f5es: sua identifica\u00e7\u00e3o e data de cria\u00e7\u00e3o.<\/p>\n<p style=\"text-align: justify;\"><a href=\"http:\/\/glorinha.rs.gov.br\/gov\/wp-content\/uploads\/2017\/02\/brasao-glorinha-municipio2017.png\"><img fetchpriority=\"high\" decoding=\"async\" class=\"aligncenter wp-image-1731 size-full\" src=\"http:\/\/glorinha.rs.gov.br\/gov\/wp-content\/uploads\/2017\/02\/brasao-glorinha-municipio2017.png\" alt=\"Bras\u00e3o de Glorinha\/RS\" width=\"347\" height=\"385\" srcset=\"https:\/\/glorinha.rs.gov.br\/gov\/wp-content\/uploads\/2017\/02\/brasao-glorinha-municipio2017.png 347w, https:\/\/glorinha.rs.gov.br\/gov\/wp-content\/uploads\/2017\/02\/brasao-glorinha-municipio2017-270x300.png 270w\" sizes=\"(max-width: 347px) 100vw, 347px\" \/><\/a><\/p>\n<h4 style=\"text-align: justify;\"><strong>DA BANDEIRA MUNICIPAL<\/strong><\/h4>\n<p style=\"text-align: justify;\"><strong>Art. 4<\/strong> &#8211; A Bandeira Municipal \u00e9 a descrita nesta se\u00e7\u00e3o e obedecer\u00e1 as seguintes regras:<br \/>\nI &#8211; A Bandeira \u00e9 composta de tr\u00eas panos: verde, branco e amarelo, em tonalidades normais, constituindo o verde e o amarelo tri\u00e2ngulos ret\u00e2ngulos e o branco um quadril\u00e1tero ascendente entre os dois tri\u00e2ngulos, ficando o \u00e2ngulo reto do tri\u00e2ngulo verde ao alto e \u00e0s esquerda da Bandeira e o \u00e2ngulo reto do tri\u00e2ngulo amarelo embaixo e \u00e0s direita.<br \/>\nII &#8211; Sobre o pano branco ao centro da Bandeira existe um c\u00edrculo com o per\u00edmetro tra\u00e7ado em preto, dentro do qual est\u00e1 inserido o Bras\u00e3o.<br \/>\nIII &#8211; As duas faces da Bandeira s\u00e3o exatamente iguais, sendo vedado fazer uma com o avesso da outra.<br \/>\n(&#8230;)<strong> Art. 9\u00b0<\/strong> &#8211; A Bandeira Municipal, al\u00e9m das cores do Bras\u00e3o, \u00e9 composta de tr\u00eas tons principais: verde, branco e amarelo, que ficam institu\u00eddas como cores oficiais do Munic\u00edpio, representando:<br \/>\na) O verde &#8211; a natureza preservada, seus campos e suas matas;<br \/>\nb) O branco &#8211; a tranq\u00fcilidade do local, a f\u00e9 e a esperan\u00e7a de seu povo;<br \/>\nc) O amarelo &#8211; seus campos produtivos gerando riqueza e prosperidade.<\/p>\n<p><a href=\"http:\/\/glorinha.rs.gov.br\/gov\/wp-content\/uploads\/2017\/02\/bandeira-do-municipio-glorinha.png\"><img decoding=\"async\" class=\"aligncenter wp-image-1732 size-full\" src=\"http:\/\/glorinha.rs.gov.br\/gov\/wp-content\/uploads\/2017\/02\/bandeira-do-municipio-glorinha.png\" alt=\"Bandeira de Glorinha\/RS\" width=\"786\" height=\"492\" srcset=\"https:\/\/glorinha.rs.gov.br\/gov\/wp-content\/uploads\/2017\/02\/bandeira-do-municipio-glorinha.png 786w, https:\/\/glorinha.rs.gov.br\/gov\/wp-content\/uploads\/2017\/02\/bandeira-do-municipio-glorinha-300x188.png 300w, https:\/\/glorinha.rs.gov.br\/gov\/wp-content\/uploads\/2017\/02\/bandeira-do-municipio-glorinha-768x481.png 768w\" sizes=\"(max-width: 786px) 100vw, 786px\" \/><\/a><\/p>\n<p style=\"text-align: justify;\">\u00a0 O Bras\u00e3o e a Bandeira do Munic\u00edpio de Glorinha s\u00e3o s\u00edmbolos expressivos da import\u00e2ncia crescente desta comunidade. Muito al\u00e9m de sua colorida representa\u00e7\u00e3o gr\u00e1fica, s\u00e3o testemunhos permanentes de nossas riquezas e potencialidades no cen\u00e1rio municipalista do Rio Grande do Sul. Conhecendo-os melhor e respeitando-os cada vez mais, estaremos preservando as impress\u00f5es digitais de uma identidade \u00fanica e muito original.<\/p>\n<p style=\"text-align: justify;\">E isso n\u00e3o \u00e9 pouca coisa, pois quem nasce em Glorinha, \u00e9 glorinhense. E quem ama Glorinha, tamb\u00e9m.<\/p>\n<p style=\"text-align: justify;\"><strong>BONECA GLORINHA<\/strong><\/p>\n<p style=\"text-align: justify;\">\u00a0 Ao lado do Bras\u00e3o e da Bandeira, o munic\u00edpio de Glorinha ostenta outro s\u00edmbolo marcante, menos solene e mais descontra\u00eddo do que os dois primeiros: \u00e9 a BONECA GLORINHA, transformando-se no s\u00edmbolo mais gracioso, simp\u00e1tico e hospitaleiro do Munic\u00edpio, sendo oficilizada como s\u00edmbolo do Munic\u00edpio, atrav\u00e9s da <strong>Lei Municipal n\u00ba 505\/2002<\/strong>.<\/p>\n<p><img decoding=\"async\" class=\"aligncenter\" src=\"http:\/\/www.glorinha.rs.gov.br\/glorinha_rs\/images\/stories\/boneca_pb_color_2.gif\" alt=\"\" width=\"475\" height=\"320\" \/><\/p>\n<p style=\"text-align: justify;\">\u00a0 \u00a0Criada pela artista gr\u00e1fica <strong>T\u00e2nia Ruosas<\/strong>, de Gravata\u00ed, em 2002, sendo utilizada como personagem identificativa da <em>ExpoGlorinha de 2002<\/em>, a bonequinha nasceu como uma anfitri\u00e3 para esta grande feira municipal, ilustrando toda a folheteria promocional do evento, como posters, cartazes, impressos&#8230;.<\/p>\n<p style=\"text-align: justify;\">\u00a0 Para a artista T\u00e2nia, a boneca &#8220;<em>aparenta uma idade entre 12 e 13 anos, em princ\u00edpio loura, depois castanha. Tinha tra\u00e7os e indument\u00e1ria a\u00e7orianos, um aventalzinho sobre a saia, uma tiara de flores nos cabelos, tamanquinhos delicados e muita do\u00e7ura, com brejeirice e ingenuidade bem interioranas<\/em>\u201d. O que sempre mais a encantou, desde crian\u00e7a, foi a hospitalidade das pessoas, em Glorinha. Gente muito simples, mas comovidamente alegre e afetuosa com os visitantes. E \u00e9 por isso que a sua Glorinha s\u00f3 podia nascer j\u00e1 de bra\u00e7os abertos!<\/p>\n","protected":false},"excerpt":{"rendered":"<p>S\u00edmbolos de Glorinha BRAS\u00c3O E BANDEIRA \u00a0 Pode-se afirmar que s\u00e3o duas imagens bastante familiares aos olhos de cada glorinhense, pois que s\u00e3o vistas praticamente todos os dias. Como s\u00edmbolos&#8230;<\/p>\n","protected":false},"author":14,"featured_media":0,"parent":23,"menu_order":0,"comment_status":"closed","ping_status":"closed","template":"","meta":{"_eb_attr":"","footnotes":""},"class_list":["post-211","page","type-page","status-publish","hentry"],"_links":{"self":[{"href":"https:\/\/glorinha.rs.gov.br\/gov\/index.php?rest_route=\/wp\/v2\/pages\/211","targetHints":{"allow":["GET"]}}],"collection":[{"href":"https:\/\/glorinha.rs.gov.br\/gov\/index.php?rest_route=\/wp\/v2\/pages"}],"about":[{"href":"https:\/\/glorinha.rs.gov.br\/gov\/index.php?rest_route=\/wp\/v2\/types\/page"}],"author":[{"embeddable":true,"href":"https:\/\/glorinha.rs.gov.br\/gov\/index.php?rest_route=\/wp\/v2\/users\/14"}],"replies":[{"embeddable":true,"href":"https:\/\/glorinha.rs.gov.br\/gov\/index.php?rest_route=%2Fwp%2Fv2%2Fcomments&post=211"}],"version-history":[{"count":0,"href":"https:\/\/glorinha.rs.gov.br\/gov\/index.php?rest_route=\/wp\/v2\/pages\/211\/revisions"}],"up":[{"embeddable":true,"href":"https:\/\/glorinha.rs.gov.br\/gov\/index.php?rest_route=\/wp\/v2\/pages\/23"}],"wp:attachment":[{"href":"https:\/\/glorinha.rs.gov.br\/gov\/index.php?rest_route=%2Fwp%2Fv2%2Fmedia&parent=211"}],"curies":[{"name":"wp","href":"https:\/\/api.w.org\/{rel}","templated":true}]}}