{"id":23,"date":"2017-02-14T20:48:56","date_gmt":"2017-02-14T22:48:56","guid":{"rendered":"http:\/\/localhost\/glorinhagov\/?page_id=23"},"modified":"2025-01-09T18:29:24","modified_gmt":"2025-01-09T21:29:24","slug":"sobre-glorinha","status":"publish","type":"page","link":"https:\/\/glorinha.rs.gov.br\/gov\/?page_id=23","title":{"rendered":"Sobre Glorinha"},"content":{"rendered":"\t\t<div data-elementor-type=\"wp-page\" data-elementor-id=\"23\" class=\"elementor elementor-23\">\n\t\t\t\t\t\t<section class=\"elementor-section elementor-top-section elementor-element elementor-element-1be8dc37 elementor-section-boxed elementor-section-height-default elementor-section-height-default\" data-id=\"1be8dc37\" data-element_type=\"section\" data-settings=\"{&quot;_ha_eqh_enable&quot;:false}\">\n\t\t\t\t\t\t<div class=\"elementor-container elementor-column-gap-default\">\n\t\t\t\t\t<div class=\"elementor-column elementor-col-100 elementor-top-column elementor-element elementor-element-40c3e63a\" data-id=\"40c3e63a\" data-element_type=\"column\">\n\t\t\t<div class=\"elementor-widget-wrap elementor-element-populated\">\n\t\t\t\t\t\t<div class=\"elementor-element elementor-element-2469ce7a elementor-widget elementor-widget-text-editor\" data-id=\"2469ce7a\" data-element_type=\"widget\" data-widget_type=\"text-editor.default\">\n\t\t\t\t<div class=\"elementor-widget-container\">\n\t\t\t\t\t\t\t<h3 style=\"text-align: left;\"><i><\/i> Dados Gerais<\/h3>\n<hr>\n<table style=\"height: 312px;\" border=\"0\" width=\"802\" cellspacing=\"8\" cellpadding=\"2\" align=\"center\">\n<tbody>\n<tr style=\"height: 24px;\">\n<td style=\"height: 24px; width: 304.391px; text-align: justify;\">\n<div style=\"text-align: right;\"><strong>Nome do prefeito:<\/strong><\/div>\n<\/td>\n<td style=\"height: 24px; width: 459.609px; text-align: left;\">\n<div>&nbsp;CARLOS LEONARDO VARGAS CARVALHO<\/div>\n<\/td>\n<\/tr>\n<tr style=\"height: 24px;\">\n<td style=\"height: 24px; width: 304.391px; text-align: justify;\">\n<div style=\"text-align: right;\"><strong>Nome do vice-prefeito:<\/strong><\/div>\n<\/td>\n<td style=\"height: 24px; width: 459.609px; text-align: left;\">\n<div>&nbsp;JEAN MEDINGER&nbsp;<\/div>\n<\/td>\n<\/tr>\n<tr style=\"height: 24px;\">\n<td style=\"height: 24px; width: 304.391px; text-align: justify;\">&nbsp;<\/td>\n<td style=\"height: 24px; width: 459.609px; text-align: left;\">&nbsp;<\/td>\n<\/tr>\n<tr style=\"height: 24px;\">\n<td style=\"height: 24px; width: 304.391px; text-align: justify;\">\n<div style=\"text-align: right;\"><strong>Data de cria\u00e7\u00e3o do munic\u00edpio:<\/strong><\/div>\n<\/td>\n<td style=\"height: 24px; width: 459.609px; text-align: left;\">\n<div>&nbsp;04\/05\/1988<\/div>\n<\/td>\n<\/tr>\n<tr style=\"height: 24px;\">\n<td style=\"height: 24px; width: 304.391px; text-align: justify;\">\n<div style=\"text-align: right;\"><strong>\u00c1rea total(2015):<\/strong><\/div>\n<\/td>\n<td style=\"height: 24px; width: 459.609px; text-align: left;\">\n<div>&nbsp;323,95 Km\u00b2<\/div>\n<\/td>\n<\/tr>\n<tr style=\"height: 24px;\">\n<td style=\"height: 24px; width: 304.391px; text-align: justify;\">\n<div style=\"text-align: right;\"><strong>Dist\u00e2ncia da capital (Porto Alegre):<\/strong><\/div>\n<\/td>\n<td style=\"height: 24px; width: 459.609px; text-align: left;\">\n<div>&nbsp;54 Km<\/div>\n<\/td>\n<\/tr>\n<tr style=\"height: 24px;\">\n<td style=\"height: 24px; width: 304.391px; text-align: justify;\">\n<div style=\"text-align: right;\"><strong>Associa\u00e7\u00e3o Municipal:<\/strong><\/div>\n<\/td>\n<td style=\"height: 24px; width: 459.609px; text-align: left;\">\n<div>&nbsp;GRANPAL \/ FAMURS Comit\u00ea da Bacia do Rio Gravata\u00ed<\/div>\n<\/td>\n<\/tr>\n<tr style=\"height: 24px;\">\n<td style=\"height: 24px; width: 304.391px; text-align: justify;\">\n<div style=\"text-align: right;\"><strong>Conselho Regional do RS:<\/strong><\/div>\n<\/td>\n<td style=\"height: 24px; width: 459.609px; text-align: left;\">\n<div>&nbsp;COREDE do Delta do Jacu\u00ed<\/div>\n<\/td>\n<\/tr>\n<tr style=\"height: 24px;\">\n<td style=\"height: 24px; width: 304.391px; text-align: justify;\">\n<div style=\"text-align: right;\"><strong>N\u00famero de propriedades rurais:<\/strong><\/div>\n<\/td>\n<td style=\"height: 24px; width: 459.609px; text-align: left;\">\n<div>&nbsp;1.353<\/div>\n<\/td>\n<\/tr>\n<tr style=\"height: 24px;\">\n<td style=\"height: 24px; width: 304.391px; text-align: justify;\">\n<div style=\"text-align: right;\"><strong>\u00c1rea m\u00e9dia das propriedades rurais:<\/strong><\/div>\n<\/td>\n<td style=\"height: 24px; width: 459.609px; text-align: left;\">\n<div>&nbsp;34,71 hectares<\/div>\n<\/td>\n<\/tr>\n<tr style=\"height: 24px;\">\n<td style=\"height: 24px; width: 304.391px; text-align: justify;\">\n<div style=\"text-align: right;\"><strong>Popula\u00e7\u00e3o:<\/strong><\/div>\n<\/td>\n<td style=\"height: 24px; width: 459.609px; text-align: left;\">\n<div>&nbsp;7.658&nbsp;<span style=\"font-family: Roboto, sans-serif; font-size: 15px; font-style: normal; font-variant-ligatures: normal; font-variant-caps: normal; text-align: right; color: var( --e-global-color-text );\">(CENSO 2022)<\/span><\/div>\n<\/td>\n<\/tr>\n<tr style=\"height: 48px;\">\n<td style=\"height: 48px; width: 304.391px; text-align: left;\">\n<div style=\"text-align: right;\"><strong>Endere\u00e7o da Prefeitura:<\/strong><\/div>\n<\/td>\n<td style=\"height: 48px; width: 459.609px; text-align: left;\">\n<div style=\"text-align: left;\">&nbsp;Av. Pomp\u00edlio Gomes Sobrinho, 23400 Fone\/Fax: (051) 3487-1020<\/div>\n<\/td>\n<\/tr>\n<\/tbody>\n<\/table>\n<div>&nbsp;<\/div>\n<div>\n<hr>\n<\/div>\n<h3><i><\/i> Dados Geogr\u00e1ficos<\/h3>\n<hr>\n<div>\n<div>\n<p style=\"text-align: justify;\">&nbsp; Distante a apenas <strong>54 quil\u00f4metros<\/strong> de <strong>Porto Alegre<\/strong>, e destacado pelo apropriado t\u00edtulo de <strong>Um Para\u00edso Entre a Capital, a Serra e o Mar<\/strong>, o munic\u00edpio de <strong>Glorinha<\/strong> abriga 7.654 habitantes (<em>segundo dados estimados de 2017<\/em>), numa exuberante \u00e1rea verde de 323,6&nbsp;quil\u00f4metros quadrados, dividida entre s\u00edtios de lazer, colinas, a\u00e7udes, matas, cascatas, fazendas com cria\u00e7\u00e3o de ovinos, bovinos, equinos, caprinos, b\u00fafalos (ou bubalinos), s\u00edtios de cria\u00e7\u00e3o de avestruzes e in\u00fameras outras belezas naturais.<\/p>\n<p style=\"text-align: justify;\">&nbsp; Dispondo de uma \u00e1rea geograficamente privilegiada, transformou-se em eixo de deslocamento perfeito para os moradores da Serra que se locomovem para o Litoral Norte do Estado, e vice-versa.<\/p>\n<p style=\"text-align: justify;\">&nbsp; A partir do trevo de acesso, que liga o centro da cidade \u00e0 auto-estrada federal <strong>BR-290<\/strong> (<em>a primeira freeway do Brasil, inaugurada em 1972<\/em>), Glorinha constitui-se na op\u00e7\u00e3o mais econ\u00f4mica e r\u00e1pida de ida e volta \u00e0s praias mais famosas do Rio Grande do Sul, como Tramanda\u00ed (a metr\u00f3pole do ver\u00e3o ga\u00facho), situada a apenas 80 quil\u00f4metros.<\/p>\n<p style=\"text-align: justify;\">&nbsp; &nbsp;Contando com vias de acesso como a <strong>RS-030<\/strong> (<em>a primeira estrada asfaltada do Estado, inaugurada em 1936, e que corta Glorinha em seu per\u00edmetro central<\/em>) o turista chega ao seu destino de f\u00e9rias e lazer com a economia de, no m\u00ednimo, uma hora entre Serra e Mar. Al\u00e9m de toda essa comodidade, h\u00e1 a preciosa oportunidade de conhecer ou visitar novamente todas as atra\u00e7\u00f5es do munic\u00edpio e tamb\u00e9m as de seus quatro importantes vizinhos:<strong> Taquara<\/strong>, 25 quil\u00f4metros ao norte; <strong>Viam\u00e3o<\/strong> (<em>a primeira Capital do Estado<\/em>), 15 quil\u00f4metros ao sul; <strong>Gravata\u00ed<\/strong> (<em>o outrora munic\u00edpio-m\u00e3e de Glorinha<\/em>), 20 quil\u00f4metros a oeste, e <strong>Santo Ant\u00f4nio da Patrulha<\/strong>, 25 quil\u00f4metros a leste. Tamb\u00e9m muito pr\u00f3xima, a apenas 60 quil\u00f4metros, a c\u00e9lebre <strong>Gramado<\/strong>, um dos p\u00f3los tur\u00edsticos mais procurados do pa\u00eds.<\/p>\n<\/div>\n<h5><strong>Munic\u00edpios Lim\u00edtrofes:<\/strong><\/h5>\n<p style=\"padding-left: 30px;\"><strong>Norte:<\/strong> Taquara <strong>Sul:<\/strong> Viam\u00e3o <strong>Leste:<\/strong> Sto. Ant\u00f4nio da Patrulha <strong>Oeste:<\/strong> Gravata\u00ed<\/p>\n<p><img decoding=\"async\" src=\"http:\/\/www.glorinha.rs.gov.br\/glorinha_rs\/images\/stories\/mapa_acesso_1.gif\"><\/p>\n<blockquote>\n<p>[icon name=&#8221;download&#8221; class=&#8221;&#8221; unprefixed_class=&#8221;&#8221;]&nbsp;<a href=\"http:\/\/www.glorinha.rs.gov.br\/glorinha_rs\/images\/mapas\/mapa_municipio_glorinha.pdf\">(PDF) Mapa do munic\u00edpio de Glorinha<\/a> [icon name=&#8221;download&#8221; class=&#8221;&#8221; unprefixed_class=&#8221;&#8221;]&nbsp;<a href=\"http:\/\/www.glorinha.rs.gov.br\/glorinha_rs\/images\/mapas\/mapa_urbano_glorinha.pdf\">(PDF) Mapa urbano de Glorinha<\/a><\/p>\n<\/blockquote>\n<\/div>\n<div>\n<hr>\n<\/div>\n<div>\n<p><strong>Fontes das Informa\u00e7\u00f5es<\/strong><\/p>\n<p style=\"text-align: justify;\">&nbsp; As informa\u00e7\u00f5es s\u00e3o oriundas de pesquisas e levantamentos correntes do IBGE e dados de outras institui\u00e7\u00f5es, como Instituto Nacional de Estudos e Pesquisas, Minist\u00e9rio da Educa\u00e7\u00e3o e do Desporto &#8211; INEP\/MEC; Departamento de Inform\u00e1tica do Sistema \u00danico de Sa\u00fade, Minist\u00e9rio da Sa\u00fade &#8211; DATASUS\/MS; Tribunal Superior Eleitoral &#8211; TSE; Banco Central do Brasil &#8211; BACEN\/MF, Secretaria do Tesouro Nacional, Minist\u00e9rio da Fazenda &#8211; STN\/MF e Departamento Nacional de Tr\u00e2nsito &#8211; DENATRAN\/MJ &nbsp;e Funda\u00e7\u00e3o de Economia e Estat\u00edstica do RS &#8211;&nbsp;<a href=\"http:\/\/www.fee.rs.gov.br\/perfil-socioeconomico\/municipios\/detalhe\/?municipio=Glorinha\">FEE\/R<\/a>3<\/p>\n<\/div>\t\t\t\t\t\t<\/div>\n\t\t\t\t<\/div>\n\t\t\t\t\t<\/div>\n\t\t<\/div>\n\t\t\t\t\t<\/div>\n\t\t<\/section>\n\t\t\t\t<\/div>\n\t\t","protected":false},"excerpt":{"rendered":"<p>Dados Gerais Nome do prefeito: &nbsp;CARLOS LEONARDO VARGAS CARVALHO Nome do vice-prefeito: &nbsp;JEAN MEDINGER&nbsp; &nbsp; &nbsp; Data de cria\u00e7\u00e3o do munic\u00edpio: &nbsp;04\/05\/1988 \u00c1rea total(2015): &nbsp;323,95 Km\u00b2 Dist\u00e2ncia da capital (Porto&#8230;<\/p>\n","protected":false},"author":14,"featured_media":0,"parent":0,"menu_order":0,"comment_status":"closed","ping_status":"closed","template":"","meta":{"_eb_attr":"","footnotes":""},"class_list":["post-23","page","type-page","status-publish","hentry"],"_links":{"self":[{"href":"https:\/\/glorinha.rs.gov.br\/gov\/index.php?rest_route=\/wp\/v2\/pages\/23","targetHints":{"allow":["GET"]}}],"collection":[{"href":"https:\/\/glorinha.rs.gov.br\/gov\/index.php?rest_route=\/wp\/v2\/pages"}],"about":[{"href":"https:\/\/glorinha.rs.gov.br\/gov\/index.php?rest_route=\/wp\/v2\/types\/page"}],"author":[{"embeddable":true,"href":"https:\/\/glorinha.rs.gov.br\/gov\/index.php?rest_route=\/wp\/v2\/users\/14"}],"replies":[{"embeddable":true,"href":"https:\/\/glorinha.rs.gov.br\/gov\/index.php?rest_route=%2Fwp%2Fv2%2Fcomments&post=23"}],"version-history":[{"count":0,"href":"https:\/\/glorinha.rs.gov.br\/gov\/index.php?rest_route=\/wp\/v2\/pages\/23\/revisions"}],"wp:attachment":[{"href":"https:\/\/glorinha.rs.gov.br\/gov\/index.php?rest_route=%2Fwp%2Fv2%2Fmedia&parent=23"}],"curies":[{"name":"wp","href":"https:\/\/api.w.org\/{rel}","templated":true}]}}