{"id":24,"date":"2017-02-14T20:48:56","date_gmt":"2017-02-14T22:48:56","guid":{"rendered":"http:\/\/localhost\/glorinhagov\/?page_id=24"},"modified":"2025-01-09T17:59:14","modified_gmt":"2025-01-09T20:59:14","slug":"o-governo","status":"publish","type":"page","link":"https:\/\/glorinha.rs.gov.br\/gov\/?page_id=24","title":{"rendered":"O Governo"},"content":{"rendered":"\t\t<div data-elementor-type=\"wp-page\" data-elementor-id=\"24\" class=\"elementor elementor-24\">\n\t\t\t\t\t\t<section class=\"elementor-section elementor-top-section elementor-element elementor-element-44f1a37c elementor-section-boxed elementor-section-height-default elementor-section-height-default\" data-id=\"44f1a37c\" data-element_type=\"section\" data-settings=\"{&quot;_ha_eqh_enable&quot;:false}\">\n\t\t\t\t\t\t<div class=\"elementor-container elementor-column-gap-default\">\n\t\t\t\t\t<div class=\"elementor-column elementor-col-100 elementor-top-column elementor-element elementor-element-45231f21\" data-id=\"45231f21\" data-element_type=\"column\">\n\t\t\t<div class=\"elementor-widget-wrap elementor-element-populated\">\n\t\t\t\t\t\t<div class=\"elementor-element elementor-element-3b5b6f08 elementor-widget elementor-widget-text-editor\" data-id=\"3b5b6f08\" data-element_type=\"widget\" data-widget_type=\"text-editor.default\">\n\t\t\t\t<div class=\"elementor-widget-container\">\n\t\t\t\t\t\t\t<h2 class=\"contentheading\">&nbsp;<\/h2>\n<div class=\"article-content\" style=\"clear: both;\">\n<hr>\n<p align=\"justify\"><span class=\"Apple-style-span\"><strong>Prefeito:<\/strong>&nbsp;CARLOS LEONARDO VARGAS CARVALHO<\/span><\/p>\n<hr>\n<p align=\"justify\"><span class=\"Apple-style-span\"><strong>E-mail:<\/strong>&nbsp;<a href=\"mailto:prefeito@glorinha.rs.gov.br\">prefeito@glorinha.rs.gov.br<\/a><\/span><a href=\"mailto:prefeitura@glorinha.rs.gov.br\"><br><\/a><strong>Endere\u00e7o:<\/strong> Av. Dr. Pomp\u00edlio Gomes Sobrinho, 23400 &#8211; Centro &#8211; Glorinha<br><strong>Telefone:<\/strong>&nbsp; (51) 3487-1020, Ramal 214<br><strong>Hor\u00e1rio de expediente:<\/strong> Das 8h \u00e0s 12h, d\u00e1s 13h as 17h.<\/p>\n<h5 align=\"justify\"><strong><span class=\"Apple-style-span\">Atribui\u00e7\u00f5es:<\/span><\/strong><\/h5>\n<p align=\"justify\">Assessorar o prefeito no desempenho de suas atribui\u00e7\u00f5es constitucionais, atrav\u00e9s da atua\u00e7\u00e3o junto aos \u00f3rg\u00e3os da Prefeitura, visando a regularidade do cumprimento das diretrizes emanadas do prefeito; assessorar o prefeito nas rela\u00e7\u00f5es com o Poder Legislativo Municipal e com as organiza\u00e7\u00f5es representativas da sociedade; planejar e coordenar a capta\u00e7\u00e3o de recursos externos \u00e0s finan\u00e7as do Munic\u00edpio e promover a presta\u00e7\u00e3o de contas dos recursos recebidos.<\/p>\n<p align=\"justify\">&nbsp;O&nbsp;Gabinete do prefeito \u00e9 composto pelos seguintes setores\/unidades de servi\u00e7o:<\/p>\n<p align=\"justify\"><strong>&#8211;&nbsp; Gabinete do Vice-Prefeito;<\/strong><br><strong>&#8211;&nbsp; Chefia de Gabinete do Prefeito;<\/strong><br><strong>&#8211;&nbsp; Assessoria de Assuntos Institucionais e Legislativos;<\/strong><br><strong>\u2013 Secretaria da Junta de Servi\u00e7o Militar;<\/strong><br><strong>\u2013 Sistema de Controle Interno;<\/strong><br><strong>\u2013 Procuradoria Geral.<\/strong><\/p>\n<hr>\n<h2 class=\"contentheading\">&nbsp;<\/h2>\n<div class=\"article-content\">\n<hr>\n<p align=\"justify\"><span class=\"Apple-style-span\"><strong>Vice-prefeito:<\/strong> JEAN MEDINGER&nbsp;<\/span><\/p>\n<p align=\"justify\"><i class=\"fa fa-cogs\" aria-hidden=\"true\"><\/i> <a href=\"http:\/\/www.glorinha.rs.gov.br\/glorinha_rs\/docs\/ORGANOGRAMA_GERAL.pdf\">Organograma Geral da Prefeitura de Glorinha<\/a><\/p>\n<\/div>\n<\/div>\t\t\t\t\t\t<\/div>\n\t\t\t\t<\/div>\n\t\t\t\t\t<\/div>\n\t\t<\/div>\n\t\t\t\t\t<\/div>\n\t\t<\/section>\n\t\t\t\t<\/div>\n\t\t","protected":false},"excerpt":{"rendered":"<p>&nbsp; Prefeito:&nbsp;CARLOS LEONARDO VARGAS CARVALHO E-mail:&nbsp;prefeito@glorinha.rs.gov.brEndere\u00e7o: Av. Dr. Pomp\u00edlio Gomes Sobrinho, 23400 &#8211; Centro &#8211; GlorinhaTelefone:&nbsp; (51) 3487-1020, Ramal 214Hor\u00e1rio de expediente: Das 8h \u00e0s 12h, d\u00e1s 13h as 17h&#8230;.<\/p>\n","protected":false},"author":14,"featured_media":0,"parent":263,"menu_order":0,"comment_status":"closed","ping_status":"closed","template":"","meta":{"_eb_attr":"","footnotes":""},"class_list":["post-24","page","type-page","status-publish","hentry"],"_links":{"self":[{"href":"https:\/\/glorinha.rs.gov.br\/gov\/index.php?rest_route=\/wp\/v2\/pages\/24","targetHints":{"allow":["GET"]}}],"collection":[{"href":"https:\/\/glorinha.rs.gov.br\/gov\/index.php?rest_route=\/wp\/v2\/pages"}],"about":[{"href":"https:\/\/glorinha.rs.gov.br\/gov\/index.php?rest_route=\/wp\/v2\/types\/page"}],"author":[{"embeddable":true,"href":"https:\/\/glorinha.rs.gov.br\/gov\/index.php?rest_route=\/wp\/v2\/users\/14"}],"replies":[{"embeddable":true,"href":"https:\/\/glorinha.rs.gov.br\/gov\/index.php?rest_route=%2Fwp%2Fv2%2Fcomments&post=24"}],"version-history":[{"count":0,"href":"https:\/\/glorinha.rs.gov.br\/gov\/index.php?rest_route=\/wp\/v2\/pages\/24\/revisions"}],"up":[{"embeddable":true,"href":"https:\/\/glorinha.rs.gov.br\/gov\/index.php?rest_route=\/wp\/v2\/pages\/263"}],"wp:attachment":[{"href":"https:\/\/glorinha.rs.gov.br\/gov\/index.php?rest_route=%2Fwp%2Fv2%2Fmedia&parent=24"}],"curies":[{"name":"wp","href":"https:\/\/api.w.org\/{rel}","templated":true}]}}