{"id":247,"date":"2017-02-16T00:18:46","date_gmt":"2017-02-16T02:18:46","guid":{"rendered":"http:\/\/localhost\/glorinhagov\/?page_id=247"},"modified":"2024-07-08T08:47:22","modified_gmt":"2024-07-08T11:47:22","slug":"procuradoria","status":"publish","type":"page","link":"https:\/\/glorinha.rs.gov.br\/gov\/?page_id=247","title":{"rendered":"Procuradoria"},"content":{"rendered":"\t\t<div data-elementor-type=\"wp-page\" data-elementor-id=\"247\" class=\"elementor elementor-247\">\n\t\t\t\t\t\t<section class=\"elementor-section elementor-top-section elementor-element elementor-element-4e472e17 elementor-section-boxed elementor-section-height-default elementor-section-height-default\" data-id=\"4e472e17\" data-element_type=\"section\" data-settings=\"{&quot;_ha_eqh_enable&quot;:false}\">\n\t\t\t\t\t\t<div class=\"elementor-container elementor-column-gap-default\">\n\t\t\t\t\t<div class=\"elementor-column elementor-col-100 elementor-top-column elementor-element elementor-element-5cb49aea\" data-id=\"5cb49aea\" data-element_type=\"column\">\n\t\t\t<div class=\"elementor-widget-wrap elementor-element-populated\">\n\t\t\t\t\t\t<div class=\"elementor-element elementor-element-22fa1907 elementor-widget elementor-widget-text-editor\" data-id=\"22fa1907\" data-element_type=\"widget\" data-widget_type=\"text-editor.default\">\n\t\t\t\t<div class=\"elementor-widget-container\">\n\t\t\t\t\t\t\t<h3><i><\/i> Procuradoria<\/h3>\n<hr>\n<p><strong>Procurador:&nbsp;<\/strong><strong style=\"color: var( --e-global-color-text );\">&nbsp;<em><span style=\"color: #333333; font-family: Lato, sans-serif; font-size: 10pt; font-variant-ligatures: normal; font-variant-caps: normal;\">Informa\u00e7\u00f5es removidas durante o per\u00edodo eleitoral, em conformidade com o c\u00f3digo eleitoral.<\/span><\/em><\/strong><\/p>\n<p><strong style=\"color: var( --e-global-color-text );\">E-mail:<\/strong><span style=\"color: var( --e-global-color-text );\"> <\/span><a href=\"mailto:assessoriajuridica@glorinha.rs.gov.br\">assessoriajuridica@glorinha.rs.gov.br<\/a><br><\/p><p>\n<strong>Telefone:<\/strong> (51) 3487-1020, ramais&nbsp;233 e 234.<\/p>\n<hr>\n<div>\n<p>\u00c0 Procuradoria Geral do Munic\u00edpio compete:<\/p>\n<blockquote><p>\u2022 Representar o Munic\u00edpio em qualquer a\u00e7\u00e3o judicial ou extra-judicial;<br>\n\u2022 Promover a cobran\u00e7a da divida do Munic\u00edpio;<br>\n\u2022 Promover desapropria\u00e7\u00f5es amig\u00e1veis ou judiciais;<br>\n\u2022 Fixar as medidas que julgar necess\u00e1rias para uniformiza\u00e7\u00e3o da jurisprud\u00eancia administrativa e promover a consolida\u00e7\u00e3o da legisla\u00e7\u00e3o do Munic\u00edpio;<br>\n\u2022 Centralizar a orienta\u00e7\u00e3o e o trato de mat\u00e9ria jur\u00eddica do Munic\u00edpio.<\/p><\/blockquote>\n<\/div>\t\t\t\t\t\t<\/div>\n\t\t\t\t<\/div>\n\t\t\t\t\t<\/div>\n\t\t<\/div>\n\t\t\t\t\t<\/div>\n\t\t<\/section>\n\t\t\t\t<\/div>\n\t\t","protected":false},"excerpt":{"rendered":"<p>Procuradoria Procurador:&nbsp;&nbsp;Informa\u00e7\u00f5es removidas durante o per\u00edodo eleitoral, em conformidade com o c\u00f3digo eleitoral. E-mail: assessoriajuridica@glorinha.rs.gov.br Telefone: (51) 3487-1020, ramais&nbsp;233 e 234. \u00c0 Procuradoria Geral do Munic\u00edpio compete: \u2022 Representar o&#8230;<\/p>\n","protected":false},"author":14,"featured_media":0,"parent":263,"menu_order":0,"comment_status":"closed","ping_status":"closed","template":"","meta":{"_eb_attr":"","footnotes":""},"class_list":["post-247","page","type-page","status-publish","hentry"],"_links":{"self":[{"href":"https:\/\/glorinha.rs.gov.br\/gov\/index.php?rest_route=\/wp\/v2\/pages\/247","targetHints":{"allow":["GET"]}}],"collection":[{"href":"https:\/\/glorinha.rs.gov.br\/gov\/index.php?rest_route=\/wp\/v2\/pages"}],"about":[{"href":"https:\/\/glorinha.rs.gov.br\/gov\/index.php?rest_route=\/wp\/v2\/types\/page"}],"author":[{"embeddable":true,"href":"https:\/\/glorinha.rs.gov.br\/gov\/index.php?rest_route=\/wp\/v2\/users\/14"}],"replies":[{"embeddable":true,"href":"https:\/\/glorinha.rs.gov.br\/gov\/index.php?rest_route=%2Fwp%2Fv2%2Fcomments&post=247"}],"version-history":[{"count":0,"href":"https:\/\/glorinha.rs.gov.br\/gov\/index.php?rest_route=\/wp\/v2\/pages\/247\/revisions"}],"up":[{"embeddable":true,"href":"https:\/\/glorinha.rs.gov.br\/gov\/index.php?rest_route=\/wp\/v2\/pages\/263"}],"wp:attachment":[{"href":"https:\/\/glorinha.rs.gov.br\/gov\/index.php?rest_route=%2Fwp%2Fv2%2Fmedia&parent=247"}],"curies":[{"name":"wp","href":"https:\/\/api.w.org\/{rel}","templated":true}]}}