{"id":2500,"date":"2017-07-05T14:09:08","date_gmt":"2017-07-05T17:09:08","guid":{"rendered":"http:\/\/glorinha.rs.gov.br\/gov\/?page_id=2500"},"modified":"2017-07-18T15:15:08","modified_gmt":"2017-07-18T18:15:08","slug":"educacao-fiscal","status":"publish","type":"page","link":"https:\/\/glorinha.rs.gov.br\/gov\/?page_id=2500","title":{"rendered":"Educa\u00e7\u00e3o Fiscal"},"content":{"rendered":"<div class=\"topeduc\"><\/div>\n<nav class=\"nav-bar\">\n<div class=\"nav-container\">\n<p><a id=\"nav-menu\" class=\"nav-menu\"><i class=\"fa fa-bars 2x\"><\/i> Menu<\/a><\/p>\n<ul id=\"nav\" class=\"nav-list \">\n<li><a id=\"tile1\" href=\"http:\/\/glorinha.rs.gov.br\/gov\/educacao-fiscal\/\"><i class=\"fa fa-home 2x\"><\/i>In\u00edcio<\/a><\/li>\n<li><a id=\"tile2\" href=\"http:\/\/glorinha.rs.gov.br\/gov\/educacao-fiscal\/historico\/\"><i class=\"fa fa-book 2x\"><\/i> Hist\u00f3rico<\/a><\/li>\n<li><a id=\"tile3\" href=\"http:\/\/glorinha.rs.gov.br\/gov\/educacao-fiscal\/links\/\"><i class=\"fa fa-link 2x\"><\/i> Links<\/a><\/li>\n<li><a id=\"tile4\" href=\"http:\/\/glorinha.rs.gov.br\/gov\/category\/educacao-fiscal\/\" target=\"_blank\"><i class=\"fa fa-newspaper-o 2x\"><\/i> Not\u00edcias<\/a><\/li>\n<li><a id=\"tile6\" href=\"http:\/\/glorinha.rs.gov.br\/gov\/educacao-fiscal\/material-de-apoio\/\"><i class=\"fa fa-download 2x\"><\/i> Apoio<\/a><\/li>\n<li><a id=\"tile7\" href=\"http:\/\/glorinha.rs.gov.br\/gov\/educacao-fiscal\/contato\/\"><i class=\"fa fa-envelope 2x\"><\/i> Contato<\/a><\/li>\n<\/ul>\n<\/div>\n<\/nav>\n<p><strong>Programa Municipal de Educa\u00e7\u00e3o Fiscal<\/strong><\/p>\n<p>Educa\u00e7\u00e3o Fiscal \u00e9 o conjunto de a\u00e7\u00f5es mediante as quais o indiv\u00edduo e a coletividade constroem valores, conhecimentos e atitudes, voltados para o planejamento, a gest\u00e3o e o controle dos recursos p\u00fablicos, de forma respons\u00e1vel, com base no exerc\u00edcio da cidadania e da corresponsabilidade, visando o bem comum, a melhoria da qualidade de vida e a sustentabilidade social.<\/p>\n<p><strong>Objetivos do Programa Municipal de Educa\u00e7\u00e3o Fiscal<\/strong><\/p>\n<p>I \u2013 conscientizar os cidad\u00e3os quanto \u00e0 fun\u00e7\u00e3o socioecon\u00f4mica dos tributos;<\/p>\n<p>II \u2013 levar conhecimentos \u00e0 popula\u00e7\u00e3o em geral sobre administra\u00e7\u00e3o p\u00fablica, arrecada\u00e7\u00e3o e controle de gastos p\u00fablicos;<\/p>\n<p>III \u2013 criar na sociedade um comportamento de acompanhamento e fiscaliza\u00e7\u00e3o da aplica\u00e7\u00e3o dos recursos pelo Poder P\u00fablico;<\/p>\n<p>IV \u2013 promover a\u00e7\u00f5es integradas de combate \u00e0 sonega\u00e7\u00e3o fiscal;<\/p>\n<p>V \u2013 criar condi\u00e7\u00f5es para uma rela\u00e7\u00e3o harmoniosa entre o Estado e o Cidad\u00e3o;<\/p>\n<p>VI \u2013 promover a conscientiza\u00e7\u00e3o fiscal de todos os segmentos da sociedade, despertando os cidad\u00e3os para o exerc\u00edcio da cidadania;<\/p>\n<p>VII \u2013 contribuir permanentemente para a forma\u00e7\u00e3o do indiv\u00edduo, visando ao desenvolvimento da conscientiza\u00e7\u00e3o sobre seus direitos e deveres no tocante ao valor social do tributo e ao controle social do Estado democr\u00e1tico;<\/p>\n<p>VIII \u2013 aumentar a efici\u00eancia e transpar\u00eancia das receitas e despesas p\u00fablicas;<\/p>\n<p>IX \u2013 propiciar e auxiliar as entidades educacionais e de assist\u00eancia social do munic\u00edpio a participar de programas id\u00eanticos a n\u00edvel estadual e nacional;<\/p>\n<p>X \u2013 valoriza\u00e7\u00e3o do com\u00e9rcio, ind\u00fastria, presta\u00e7\u00e3o de servi\u00e7os e a produ\u00e7\u00e3o prim\u00e1ria do Munic\u00edpio.<\/p>\n<div class=\"boteduc\"><\/div>\n","protected":false},"excerpt":{"rendered":"<p>Menu In\u00edcio Hist\u00f3rico Links Not\u00edcias Apoio Contato Programa Municipal de Educa\u00e7\u00e3o Fiscal Educa\u00e7\u00e3o Fiscal \u00e9 o conjunto de a\u00e7\u00f5es mediante as quais o indiv\u00edduo e a coletividade constroem valores, conhecimentos&#8230;<\/p>\n","protected":false},"author":14,"featured_media":0,"parent":0,"menu_order":0,"comment_status":"closed","ping_status":"closed","template":"","meta":{"_eb_attr":"","footnotes":""},"class_list":["post-2500","page","type-page","status-publish","hentry"],"_links":{"self":[{"href":"https:\/\/glorinha.rs.gov.br\/gov\/index.php?rest_route=\/wp\/v2\/pages\/2500","targetHints":{"allow":["GET"]}}],"collection":[{"href":"https:\/\/glorinha.rs.gov.br\/gov\/index.php?rest_route=\/wp\/v2\/pages"}],"about":[{"href":"https:\/\/glorinha.rs.gov.br\/gov\/index.php?rest_route=\/wp\/v2\/types\/page"}],"author":[{"embeddable":true,"href":"https:\/\/glorinha.rs.gov.br\/gov\/index.php?rest_route=\/wp\/v2\/users\/14"}],"replies":[{"embeddable":true,"href":"https:\/\/glorinha.rs.gov.br\/gov\/index.php?rest_route=%2Fwp%2Fv2%2Fcomments&post=2500"}],"version-history":[{"count":0,"href":"https:\/\/glorinha.rs.gov.br\/gov\/index.php?rest_route=\/wp\/v2\/pages\/2500\/revisions"}],"wp:attachment":[{"href":"https:\/\/glorinha.rs.gov.br\/gov\/index.php?rest_route=%2Fwp%2Fv2%2Fmedia&parent=2500"}],"curies":[{"name":"wp","href":"https:\/\/api.w.org\/{rel}","templated":true}]}}