{"id":754,"date":"2017-04-23T17:15:36","date_gmt":"2017-04-23T20:15:36","guid":{"rendered":"http:\/\/cubo.clonext.com\/glorinhagov\/?page_id=754"},"modified":"2021-09-10T11:14:02","modified_gmt":"2021-09-10T14:14:02","slug":"servidores-publicos","status":"publish","type":"page","link":"https:\/\/glorinha.rs.gov.br\/gov\/?page_id=754","title":{"rendered":"Servidores p\u00fablicos"},"content":{"rendered":"<p>Informa\u00e7\u00f5es e arquivos de interesse geral do funcionalismo p\u00fablico de Glorinha.<\/p>\n<h2>Links importantes<\/h2>\n<blockquote><p><a href=\"https:\/\/leismunicipais.com.br\/a1\/regime-juridico-glorinha-rs\">LEI N\u00ba 1036, DE 28 DE FEVEREIRO DE 2008.<\/a><\/p>\n<p><a href=\"https:\/\/leismunicipais.com.br\/a1\/plano-de-cargos-e-carreiras-glorinha-rs\">LEI N\u00ba 1037, DE 28 DE FEVEREIRO DE 2008.<\/a><\/p>\n<p><a href=\"https:\/\/leismunicipais.com.br\/a1\/plano-de-cargos-e-carreiras-da-educacao-glorinha-rs\">LEI N\u00ba 1.504, DE 21 DE JANEIRO DE 2013.<\/a><\/p><\/blockquote>\n<p><span class=\"article_separator\">\u00a0<\/span><\/p>\n","protected":false},"excerpt":{"rendered":"<p>Informa\u00e7\u00f5es e arquivos de interesse geral do funcionalismo p\u00fablico de Glorinha. Links importantes LEI N\u00ba 1036, DE 28 DE FEVEREIRO DE 2008. LEI N\u00ba 1037, DE 28 DE FEVEREIRO DE&#8230;<\/p>\n","protected":false},"author":14,"featured_media":0,"parent":0,"menu_order":0,"comment_status":"closed","ping_status":"closed","template":"","meta":{"_eb_attr":"","footnotes":""},"class_list":["post-754","page","type-page","status-publish","hentry"],"_links":{"self":[{"href":"https:\/\/glorinha.rs.gov.br\/gov\/index.php?rest_route=\/wp\/v2\/pages\/754","targetHints":{"allow":["GET"]}}],"collection":[{"href":"https:\/\/glorinha.rs.gov.br\/gov\/index.php?rest_route=\/wp\/v2\/pages"}],"about":[{"href":"https:\/\/glorinha.rs.gov.br\/gov\/index.php?rest_route=\/wp\/v2\/types\/page"}],"author":[{"embeddable":true,"href":"https:\/\/glorinha.rs.gov.br\/gov\/index.php?rest_route=\/wp\/v2\/users\/14"}],"replies":[{"embeddable":true,"href":"https:\/\/glorinha.rs.gov.br\/gov\/index.php?rest_route=%2Fwp%2Fv2%2Fcomments&post=754"}],"version-history":[{"count":0,"href":"https:\/\/glorinha.rs.gov.br\/gov\/index.php?rest_route=\/wp\/v2\/pages\/754\/revisions"}],"wp:attachment":[{"href":"https:\/\/glorinha.rs.gov.br\/gov\/index.php?rest_route=%2Fwp%2Fv2%2Fmedia&parent=754"}],"curies":[{"name":"wp","href":"https:\/\/api.w.org\/{rel}","templated":true}]}}