{"id":775,"date":"2017-04-24T13:06:48","date_gmt":"2017-04-24T16:06:48","guid":{"rendered":"http:\/\/cubo.clonext.com\/glorinhagov\/?page_id=775"},"modified":"2025-03-17T13:23:42","modified_gmt":"2025-03-17T16:23:42","slug":"fale-conosco","status":"publish","type":"page","link":"https:\/\/glorinha.rs.gov.br\/gov\/?page_id=775","title":{"rendered":"Fale conosco"},"content":{"rendered":"<h2><i class=\"fa fa-comments-o fa-lg\"><\/i> Fale Conosco<\/h2>\n<p><strong>Prefeitura Municipal<\/strong>: (51) 34871020<\/p>\n<p><a href=\"http:\/\/glorinha.rs.gov.br\/gov\/secretarias\/educacao\/\">Secretaria Municipal de Educa\u00e7\u00e3o<\/a>: (51) 999157677<\/p>\n<p><a href=\"http:\/\/glorinha.rs.gov.br\/gov\/secretarias\/administracao-planejamento\/\">Secretaria Municipal de Administra\u00e7\u00e3o &amp; Planejamento<\/a>: (51) 3487-1557 &#8211; 3487-1014 (Ramal 236)<\/p>\n<p><a href=\"http:\/\/glorinha.rs.gov.br\/gov\/secretarias\/fazenda\/\">Secretaria Municipal da Fazenda<\/a>: (51) 3487-1557 &#8211; 3487-1014 (Ramal 203)<\/p>\n<p><a href=\"http:\/\/glorinha.rs.gov.br\/gov\/secretarias\/saude\/\">Secretaria Municipal de Sa\u00fade:<\/a> \u00a0(51) 999614103<\/p>\n<p><a href=\"http:\/\/glorinha.rs.gov.br\/gov\/secretarias\/governo-habitacao\/\">Secretaria Municipal de Governo e Habita\u00e7\u00e3o<\/a>: (51) 3487-1557 &#8211; 3487-1014<\/p>\n<p><a href=\"http:\/\/glorinha.rs.gov.br\/gov\/secretarias\/agricultura\/\">Secretaria Municipal da Agricultura:<\/a> (51) 3487-1923<\/p>\n<p><a href=\"http:\/\/glorinha.rs.gov.br\/gov\/secretarias\/desenvolvimento-social\/\">Secretaria Municipal de Desenvolvimento Social:<\/a> (51) 3487-1522 | (51) 3487-1486 | (51) 3487-1299<\/p>\n<p><a href=\"http:\/\/glorinha.rs.gov.br\/gov\/secretarias\/obras-viacao-e-servicos-publicos\/\">Secretaria Municipal de Obras, Via\u00e7\u00e3o e Servi\u00e7os P\u00fablicos<\/a>: (51) 3487-1923\u00a0<\/p>\n<p><a href=\"http:\/\/glorinha.rs.gov.br\/gov\/secretarias\/juventude-cultura-turismo-e-esportes\/\">Secretaria Municipal da Juventude, Cultura, Turismo e Esportes<\/a>:\u00a0 (51) 3487-1039<\/p>\n<p><a href=\"http:\/\/glorinha.rs.gov.br\/gov\/secretarias\/meio-ambiente-industria-e-comercio\/\">Secretaria Municipal de Meio Ambiente, Ind\u00fastria e Com\u00e9rcio<\/a>: (51) 3487-1557 &#8211; 3487-1014 (Ramal 216)<\/p>\n\n\n<p><\/p>\n","protected":false},"excerpt":{"rendered":"<p>Fale Conosco Prefeitura Municipal: (51) 34871020 Secretaria Municipal de Educa\u00e7\u00e3o: (51) 999157677 Secretaria Municipal de Administra\u00e7\u00e3o &amp; Planejamento: (51) 3487-1557 &#8211; 3487-1014 (Ramal 236) Secretaria Municipal da Fazenda: (51) 3487-1557&#8230;<\/p>\n","protected":false},"author":14,"featured_media":0,"parent":0,"menu_order":0,"comment_status":"closed","ping_status":"closed","template":"","meta":{"_eb_attr":"","footnotes":""},"class_list":["post-775","page","type-page","status-publish","hentry"],"_links":{"self":[{"href":"https:\/\/glorinha.rs.gov.br\/gov\/index.php?rest_route=\/wp\/v2\/pages\/775","targetHints":{"allow":["GET"]}}],"collection":[{"href":"https:\/\/glorinha.rs.gov.br\/gov\/index.php?rest_route=\/wp\/v2\/pages"}],"about":[{"href":"https:\/\/glorinha.rs.gov.br\/gov\/index.php?rest_route=\/wp\/v2\/types\/page"}],"author":[{"embeddable":true,"href":"https:\/\/glorinha.rs.gov.br\/gov\/index.php?rest_route=\/wp\/v2\/users\/14"}],"replies":[{"embeddable":true,"href":"https:\/\/glorinha.rs.gov.br\/gov\/index.php?rest_route=%2Fwp%2Fv2%2Fcomments&post=775"}],"version-history":[{"count":0,"href":"https:\/\/glorinha.rs.gov.br\/gov\/index.php?rest_route=\/wp\/v2\/pages\/775\/revisions"}],"wp:attachment":[{"href":"https:\/\/glorinha.rs.gov.br\/gov\/index.php?rest_route=%2Fwp%2Fv2%2Fmedia&parent=775"}],"curies":[{"name":"wp","href":"https:\/\/api.w.org\/{rel}","templated":true}]}}