{"id":89,"date":"2017-02-15T02:29:04","date_gmt":"2017-02-15T04:29:04","guid":{"rendered":"http:\/\/localhost\/glorinhagov\/?page_id=89"},"modified":"2025-01-09T18:22:27","modified_gmt":"2025-01-09T21:22:27","slug":"educacao","status":"publish","type":"page","link":"https:\/\/glorinha.rs.gov.br\/gov\/?page_id=89","title":{"rendered":"Educa\u00e7\u00e3o"},"content":{"rendered":"\t\t<div data-elementor-type=\"wp-page\" data-elementor-id=\"89\" class=\"elementor elementor-89\">\n\t\t\t\t\t\t<section class=\"elementor-section elementor-top-section elementor-element elementor-element-11de835b elementor-section-boxed elementor-section-height-default elementor-section-height-default\" data-id=\"11de835b\" data-element_type=\"section\" data-settings=\"{&quot;_ha_eqh_enable&quot;:false}\">\n\t\t\t\t\t\t<div class=\"elementor-container elementor-column-gap-default\">\n\t\t\t\t\t<div class=\"elementor-column elementor-col-100 elementor-top-column elementor-element elementor-element-3b9548c0\" data-id=\"3b9548c0\" data-element_type=\"column\">\n\t\t\t<div class=\"elementor-widget-wrap elementor-element-populated\">\n\t\t\t\t\t\t<div class=\"elementor-element elementor-element-6fca4aba elementor-widget__width-initial elementor-widget elementor-widget-text-editor\" data-id=\"6fca4aba\" data-element_type=\"widget\" data-widget_type=\"text-editor.default\">\n\t\t\t\t<div class=\"elementor-widget-container\">\n\t\t\t\t\t\t\t<h2><img decoding=\"async\" src=\"https:\/\/glorinha.rs.gov.br\/gov\/wp-content\/uploads\/2020\/08\/SMED.png\" alt=\"\" width=\"183\" height=\"94\"><\/h2>\n<div style=\"clear: both;\">\n<hr>\n<p align=\"justify\"><strong>Secret\u00e1ria: <font color=\"#333333\" face=\"Lato, sans-serif\"><span style=\"font-size: 13.3333px;\"><i>CARINA SOARES<\/i><\/span><\/font><\/strong><\/p>\n<hr>\n<p align=\"justify\"><strong>E-mail:<\/strong>&nbsp;<a href=\"mailto:educacao@glorinha.rs.gov.br\">educacao@glorinha.rs.gov.br<\/a><\/p>\n<p align=\"justify\"><strong>Endere\u00e7o: Rua Ary Soares, 144<\/strong>&nbsp;&#8211; Centro &#8211; Glorinha<\/p>\n<p align=\"justify\"><strong>Telefone:<\/strong> (51) 99915-7677<\/p>\n<p align=\"justify\"><strong>Hor\u00e1rio de expediente: <\/strong>Das 8h \u00e0s 12h, d\u00e1s 13h \u00e1s 17h.<\/p>\n<p align=\"justify\">Atuar na organiza\u00e7\u00e3o, manuten\u00e7\u00e3o e desenvolvimento de \u00f3rg\u00e3os e institui\u00e7\u00f5es oficiais do sistema municipal de ensino; realizar programas de capacita\u00e7\u00e3o para os profissionais da educa\u00e7\u00e3o em exerc\u00edcio das suas fun\u00e7\u00f5es; estabelecer mecanismos para avaliar a qualidade do processo educativo desenvolvido pelas escolas p\u00fablicas municipais e da iniciativa privada; desenvolver programas que visem o desenvolvimento educacional, social e cultural dos alunos da rede de ensino; autorizar, credenciar e supervisionar os estabelecimentos do sistema municipal de ensino, atrav\u00e9s do Conselho Municipal de Educa\u00e7\u00e3o.<\/p>\n<p align=\"justify\">A Secretaria Municipal de Educa\u00e7\u00e3o&nbsp;\u00e9 composta pelos seguintes setores\/unidades de servi\u00e7o:<\/p>\n<\/div>\n<p><strong>&#8211; Coordena\u00e7\u00e3o Pedag\u00f3gica;<\/strong> <strong>&#8211; Setor Administrativo e Or\u00e7ament\u00e1rio;<\/strong> <strong> &#8211; Setor de Transporte Escolar;<\/strong> <strong> &#8211; Setor de Nutri\u00e7\u00e3o;<\/strong> <strong> &#8211; Setor de Apoio ao Educando.<\/strong><\/p>\n<p align=\"justify\">A SME atua procurando atender o educando em todas as suas dificuldades de aprendizagem educacionais atrav\u00e9s de atendimento:<\/p>\n<p><strong>&#8211; Fonoaudi\u00f3logo<\/strong> <strong>&#8211; Psicol\u00f3gico<\/strong> <strong>&#8211; Nutricional<\/strong> <strong>&#8211; Recursos Multifuncionais<\/strong> <strong>&#8211; Psicopedag\u00f3gico<\/strong><\/p>\n<h2 align=\"justify\">O Sistema Municipal de Ensino \u00e9 composto pelas seguintes Escolas:<\/h2>\n<h4 style=\"font-style: normal; font-variant-ligatures: normal; font-variant-caps: normal;\" align=\"justify\"><span style=\"font-size: 18pt;\">EMEI Maria celma mendes peralta<\/span><\/h4>\n<p align=\"justify\"><strong>Diretora:<\/strong>&nbsp;<strong style=\"color: var( --e-global-color-text );\">&nbsp;<em><span style=\"color: #333333; font-family: Lato, sans-serif; font-size: 10pt; font-variant-ligatures: normal; font-variant-caps: normal;\">Informa\u00e7\u00f5es removidas durante o per\u00edodo eleitoral, em conformidade com o c\u00f3digo eleitoral.<\/span><\/em><\/strong><\/p>\n<p align=\"justify\"><strong>Endere\u00e7o<\/strong>: Rua Jo\u00e3o Batista da Silva n\u00ba 210, Centro \u2013 Glorinha\/RS&nbsp;<\/p>\n<p align=\"justify\"><strong>Telefone: (<\/strong><span style=\"color: #000000; font-family: 'Times New Roman'; font-size: medium; font-style: normal; font-variant-ligatures: normal; font-variant-caps: normal; font-weight: 400;\">51)995549963<\/span><\/p>\n<p align=\"justify\"><strong>E-mail:<\/strong><a href=\"mailto:escolamariacelma@glorinha.rs.gov.br\">escolamariacelma@glorinha.rs.gov.br<\/a>&nbsp; |&nbsp;<a href=\"mailto:emeiperalta.glorinha@gmail.com\">emeiperalta.glorinha@gmail.com <\/a><\/p>\n<p align=\"justify\"><strong>Hor\u00e1rio de Funcionamento:<\/strong> das 7 \u00e0s 18h<\/p>\n<h4 align=\"justify\"><span style=\"font-size: 18pt;\">EMEI ISDRA ADRAHAM ISDRA<\/span><\/h4>\n<p align=\"justify\"><strong>Diretora:<\/strong><strong style=\"color: var( --e-global-color-text );\">&nbsp;<em><span style=\"color: #333333; font-family: Lato, sans-serif; font-size: 10pt; font-variant-ligatures: normal; font-variant-caps: normal;\">Informa\u00e7\u00f5es removidas durante o per\u00edodo eleitoral, em conformidade com o c\u00f3digo eleitoral.<\/span><\/em><\/strong><\/p>\n<p align=\"justify\"><strong>Endere\u00e7o:<\/strong> Rua Jo\u00e3o Batista da Silva n\u00ba 192, Centro \u2013 Glorinha\/RS<\/p>\n<p align=\"justify\"><strong>Telefone:<\/strong> 3487-1365<\/p>\n<p align=\"justify\"><strong>E-mail:<\/strong> <a href=\"mailto:emeiisdra.glorinha@gmail.com\">emeiisdra.glorinha@gmail.com <\/a><\/p>\n<p align=\"justify\"><strong>Hor\u00e1rio de Funcionamento:<\/strong> das 7 \u00e0s 18h<\/p>\n<h4 align=\"justify\"><span style=\"font-size: 18pt;\">EMEF \u00c1LVARO FERRUGEM<\/span><\/h4>\n<p align=\"justify\"><strong>Diretora:<\/strong>&nbsp;<strong style=\"color: var( --e-global-color-text );\">&nbsp;<em><span style=\"color: #333333; font-family: Lato, sans-serif; font-size: 10pt; font-variant-ligatures: normal; font-variant-caps: normal;\">Informa\u00e7\u00f5es removidas durante o per\u00edodo eleitoral, em conformidade com o c\u00f3digo eleitoral.<\/span><\/em><\/strong><\/p>\n<p align=\"justify\"><strong>Endere\u00e7o:<\/strong> Av. Quatro de Maio n\u00ba&nbsp; 3275, Bairro Tr\u00eas Figueiras \u2013 Glorinha\/RS<\/p>\n<p align=\"justify\"><strong>Telefone: (<\/strong><span style=\"color: #000000; font-family: 'Times New Roman'; font-size: medium; font-style: normal; font-variant-ligatures: normal; font-variant-caps: normal; font-weight: 400;\">51)996780048<\/span><\/p>\n<p align=\"justify\"><strong>E-mail:<\/strong> <a href=\"mailto:emefalvaro.glorinha@gmail.com\">emefalvaro.glorinha@gmail.com<\/a>&nbsp; |&nbsp;<a href=\"mailto:escolaalvaro@glorinha.rs.gov.br\">escolaalvaro@glorinha.rs.gov.br <\/a><\/p>\n<p align=\"justify\"><strong>Hor\u00e1rio de Funcionamento:&nbsp;<\/strong> das 8 \u00e0s 17h<\/p>\n<h4 align=\"justify\"><span style=\"font-size: 18pt;\">EMEF S\u00c3O PEDRO<\/span> Jardim A at\u00e9 o 2\u00ba Ano<\/h4>\n<p align=\"justify\"><strong>Diretora:<\/strong>&nbsp;<strong style=\"color: var( --e-global-color-text );\">&nbsp;<em><span style=\"color: #333333; font-family: Lato, sans-serif; font-size: 10pt; font-variant-ligatures: normal; font-variant-caps: normal;\">Informa\u00e7\u00f5es removidas durante o per\u00edodo eleitoral, em conformidade com o c\u00f3digo eleitoral.<\/span><\/em><\/strong><\/p>\n<p align=\"justify\"><strong>Endere\u00e7o:<\/strong> Estrada do Rinc\u00e3o, 101, em Rinc\u00e3o S\u00e3o Jo\u00e3o \u2013 Glorinha\/RS<\/p>\n<p align=\"justify\"><strong>Telefone:<\/strong>&nbsp;(<span style=\"color: #000000; font-family: 'Times New Roman'; font-size: medium; font-style: normal; font-variant-ligatures: normal; font-variant-caps: normal; font-weight: 400;\">51) 998550941<\/span><\/p>\n<p align=\"justify\"><strong> E-mail:<\/strong>&nbsp;<a href=\"mailto:emefsaopedro.glorinha@gmail.com\" target=\"_blank\" rel=\"noopener\">emefsaopedro.glorinha@gmail.com<\/a><span style=\"color: #000000; font-family: 'Times New Roman'; font-size: medium; font-style: normal; font-variant-ligatures: normal; font-variant-caps: normal; font-weight: 400;\">&nbsp;|&nbsp;<\/span><a href=\"mailto:escolasaopedro@glorinha.rs.gov.br\">escolasaopedro@glorinha.rs.gov.br<\/a><\/p>\n<p align=\"justify\"><strong>Hor\u00e1rio de Funcionamento:<\/strong> das 8h \u00e0s 17h<\/p>\n<h4 align=\"justify\"><span style=\"font-size: 18pt;\">EMEF ARY SOARES<\/span><\/h4>\n<p align=\"justify\"><strong>Diretora:&nbsp;<\/strong><strong style=\"color: var( --e-global-color-text );\">&nbsp;<em><span style=\"color: #333333; font-family: Lato, sans-serif; font-size: 10pt; font-variant-ligatures: normal; font-variant-caps: normal;\">Informa\u00e7\u00f5es removidas durante o per\u00edodo eleitoral, em conformidade com o c\u00f3digo eleitoral.<\/span><\/em><\/strong><\/p>\n<p align=\"justify\"><strong>Endere\u00e7o:<\/strong> Rua Ven\u00e2ncio dos Santos n\u00ba 955, Centro \u2013 Glorinha\/RS<\/p>\n<p align=\"justify\"><strong>Contato:<\/strong> 3487-1371<\/p>\n<p align=\"justify\"><strong>E-mail:<\/strong> <a href=\"mailto:emefary.glorinha@gmail.com\">emefary.glorinha@gmail.com <\/a><\/p>\n<p align=\"justify\"><strong>Hor\u00e1rio de Funcionamento:<\/strong> das 8 \u00e0s 17h<\/p>\n<h4 align=\"justify\"><span style=\"font-size: 18pt;\">EMEF CORONEL SARMENTO<\/span> a partir de 2017 do 3\u00ba ano ao 9\u00ba ano<\/h4>\n<p align=\"justify\"><strong>Diretora:&nbsp;<\/strong><strong style=\"color: var( --e-global-color-text );\">&nbsp;<em><span style=\"color: #333333; font-family: Lato, sans-serif; font-size: 10pt; font-variant-ligatures: normal; font-variant-caps: normal;\">Informa\u00e7\u00f5es removidas durante o per\u00edodo eleitoral, em conformidade com o c\u00f3digo eleitoral.<\/span><\/em><\/strong><\/p>\n<p align=\"justify\"><strong>Endere\u00e7o:<\/strong> Est. Maracan\u00e3, 8605 \u2013 Contendas- Glorinha\/RS<\/p>\n<p align=\"justify\"><strong>Telefone: (<\/strong><span style=\"color: #000000; font-family: 'Times New Roman'; font-size: medium; font-style: normal; font-variant-ligatures: normal; font-variant-caps: normal; font-weight: 400;\">51) 984073892<\/span><\/p>\n<p align=\"justify\"><strong>E-mail:<\/strong><a href=\"mailto:escolacoronel@glorinha.rs.gov.br\">escolacoronel@glorinha.rs.gov.br<\/a>&nbsp;|&nbsp;<a href=\"mailto:emefcoronel.glorinha@gmail.com\">emefcoronel.glorinha@gmail.com <\/a><\/p>\n<p align=\"justify\"><strong>Hor\u00e1rio de Funcionamento:<\/strong> das 8 \u00e0s 17h<\/p>\n<p align=\"justify\"><span style=\"font-size: 12pt;\"><strong>Total de Escolas:<\/strong><\/span> 02 Escolas de Educa\u00e7\u00e3o Infantil e 04 de Ensino Fundamental<\/p>\n<p align=\"justify\"><strong>Total de alunos na Rede Municipal:<\/strong> 1.323<\/p>\n<p align=\"justify\">\n<\/p>\t\t\t\t\t\t<\/div>\n\t\t\t\t<\/div>\n\t\t\t\t\t<\/div>\n\t\t<\/div>\n\t\t\t\t\t<\/div>\n\t\t<\/section>\n\t\t\t\t<\/div>\n\t\t","protected":false},"excerpt":{"rendered":"<p>Secret\u00e1ria:&nbsp;Informa\u00e7\u00f5es removidas durante o per\u00edodo eleitoral, em conformidade com o c\u00f3digo eleitoral. E-mail:&nbsp;educacao@glorinha.rs.gov.br Endere\u00e7o: Rua Ary Soares, 144&nbsp;&#8211; Centro &#8211; Glorinha Telefone: (51) 99915-7677 Hor\u00e1rio de expediente: Das 8h \u00e0s&#8230;<\/p>\n","protected":false},"author":14,"featured_media":0,"parent":21,"menu_order":0,"comment_status":"closed","ping_status":"closed","template":"","meta":{"_eb_attr":"","footnotes":""},"class_list":["post-89","page","type-page","status-publish","hentry"],"_links":{"self":[{"href":"https:\/\/glorinha.rs.gov.br\/gov\/index.php?rest_route=\/wp\/v2\/pages\/89","targetHints":{"allow":["GET"]}}],"collection":[{"href":"https:\/\/glorinha.rs.gov.br\/gov\/index.php?rest_route=\/wp\/v2\/pages"}],"about":[{"href":"https:\/\/glorinha.rs.gov.br\/gov\/index.php?rest_route=\/wp\/v2\/types\/page"}],"author":[{"embeddable":true,"href":"https:\/\/glorinha.rs.gov.br\/gov\/index.php?rest_route=\/wp\/v2\/users\/14"}],"replies":[{"embeddable":true,"href":"https:\/\/glorinha.rs.gov.br\/gov\/index.php?rest_route=%2Fwp%2Fv2%2Fcomments&post=89"}],"version-history":[{"count":0,"href":"https:\/\/glorinha.rs.gov.br\/gov\/index.php?rest_route=\/wp\/v2\/pages\/89\/revisions"}],"up":[{"embeddable":true,"href":"https:\/\/glorinha.rs.gov.br\/gov\/index.php?rest_route=\/wp\/v2\/pages\/21"}],"wp:attachment":[{"href":"https:\/\/glorinha.rs.gov.br\/gov\/index.php?rest_route=%2Fwp%2Fv2%2Fmedia&parent=89"}],"curies":[{"name":"wp","href":"https:\/\/api.w.org\/{rel}","templated":true}]}}