{"id":92,"date":"2017-02-15T02:41:21","date_gmt":"2017-02-15T04:41:21","guid":{"rendered":"http:\/\/localhost\/glorinhagov\/?page_id=92"},"modified":"2025-01-10T08:04:29","modified_gmt":"2025-01-10T11:04:29","slug":"saude","status":"publish","type":"page","link":"https:\/\/glorinha.rs.gov.br\/gov\/?page_id=92","title":{"rendered":"Sa\u00fade"},"content":{"rendered":"<h2 class=\"contentheading\"><img decoding=\"async\" class=\"alignnone wp-image-8333 size-full\" src=\"http:\/\/glorinha.rs.gov.br\/gov\/wp-content\/uploads\/2020\/08\/SMSA.png\" alt=\"\" width=\"179\" height=\"94\" \/><\/h2>\n<div class=\"article-content\" style=\"clear: both;\"><hr \/>\n<p align=\"justify\"><span class=\"Apple-style-span\"><strong>Secret\u00e1rio: \u00a0<em><span style=\"color: #333333; font-family: Lato, sans-serif; font-size: 10pt; font-variant-ligatures: normal; font-variant-caps: normal;\">DINA MARCIA GOMES SILVA<\/span><\/em><\/strong><br \/><\/span><\/p>\n<hr \/>\n<p align=\"justify\"><span class=\"Apple-style-span\"><strong>E-mail:<\/strong>\u00a0<a href=\"mailto:saude@glorinha.rs.gov.br\">saude@glorinha.rs.gov.br<\/a><\/span><a href=\"mailto:prefeitura@glorinha.rs.gov.br\"><br \/><\/a><strong>Endere\u00e7o:<\/strong> Rua Francisco dos Santos, n\u00b045 (sala 1)- Centro &#8211; Glorinha<br \/><strong>Telefone:<\/strong>\u00a0 (51) 999614103<br \/><strong>Hor\u00e1rio de expediente:<\/strong>\u00a0das 8h \u00e0s 12h e das 13h \u00e0s 17h<\/p>\n<blockquote>\n<p><strong>ATRIBUI\u00c7\u00d5ES<\/strong><\/p>\n<\/blockquote>\n<p>\u00a0A secretaria Municipal de sa\u00fade visa atender as pol\u00edticas municipais de sa\u00fade, norteadas pelos princ\u00edpios do Sistema \u00danico de Sa\u00fade (SUS), priorizando a sa\u00fade e a descentraliza\u00e7\u00e3o das informa\u00e7\u00f5es, proporcionando \u00e0 popula\u00e7\u00e3o o conhecimento de seus direitos e cuidados; Prestar um servi\u00e7o de atendimento em sa\u00fade qualificado, atendendo a demanda e avaliando as necessidades de amplia\u00e7\u00f5es adequadas para a sa\u00fade no Munic\u00edpio; Promover o controle social e participa\u00e7\u00e3o da comunidade na defini\u00e7\u00e3o de prioridades e necessidades no acompanhamento e avalia\u00e7\u00e3o das a\u00e7\u00f5es executadas; Implantar, desenvolver e coordenar os programas de Sa\u00fade; executar e administrar servi\u00e7os de vigil\u00e2ncia em sa\u00fade, de sa\u00fade preventiva e curativa, de sa\u00fade bucal e de sa\u00fade materno-infantil; Planejar e controlar o funcionamento das Unidades B\u00e1sicas de Sa\u00fade, Centro de Sa\u00fade, Centro de Reabilita\u00e7\u00e3o e Farm\u00e1cia Municipal.<\/p>\n<p><strong>O Sistema Municipal De Sa\u00fade \u00c9 Composto Pelas Seguintes Unidades:<\/strong><\/p>\n<blockquote>\n<p><strong>Secretaria Municipal De Sa\u00fade<\/strong><\/p>\n<\/blockquote>\n<p><strong>E-mail:<\/strong> saude@glorinha.rs.gov.br<br \/><strong>Endere\u00e7o:<\/strong> Rua Francisco dos Santos, n\u00b045 (sala 1 e 2)- Centro \u2013 Glorinha<br \/><strong>Telefone:\u00a0<\/strong> (51) 999614103<br \/><strong>Hor\u00e1rio de expediente:<\/strong> das 8h \u00e0s 12h e das 13h \u00e0s 17h<\/p>\n<blockquote>\n<p><strong>Unidade De Sa\u00fade Da Fam\u00edlia &#8211; Usf<\/strong><\/p>\n<\/blockquote>\n<p><strong>Endere\u00e7o:<\/strong> Rua Jo\u00e3o Osvaldo Roza, n\u00b0248 \u2013 Centro de Glorinha\/RS<br \/><strong>E-mail:<\/strong> saude@glorinha.rs.gov.br<br \/><strong>Telefone:<\/strong> (51) 3487 1295<br \/><strong>Hor\u00e1rio de expediente:<\/strong> das 8 \u00e0s 12h e das 13 \u00e0s 17horas;<\/p>\n<blockquote>\n<p><strong>Vigil\u00e2ncia Em Sa\u00fade<\/strong><\/p>\n<\/blockquote>\n<p><strong>Endere\u00e7o:<\/strong> Rua Francisco dos Santos, n\u00b045 (sala 4) \u2013 Centro de Glorinha\/RS<br \/><strong>Epidemiol\u00f3gica e-mail:<\/strong> epidemioglorinha@gmail.com<br \/><strong>Sanit\u00e1ria e-mail:<\/strong> vigilanciasanitaria@glorinha.rs.gov.br<br \/><strong>Ambiental e-mail:<\/strong> vigilanciaambiental@glorinha.rs.gov.br<br \/><strong>Telefone:<\/strong> (51) 999614103<br \/><strong>Hor\u00e1rio de expediente:<\/strong> das 8 \u00e0s 12h e das 13 \u00e0s 17h;<\/p>\n<blockquote>\n<p><strong>Central De Marca\u00e7\u00f5es De Consultas\/ Autoriza\u00e7\u00e3o De Exames<\/strong><\/p>\n<\/blockquote>\n<p><strong>Endere\u00e7o:<\/strong> Rua Francisco dos Santos, n\u00b045 (sala 3) \u2013 Centro de Glorinha\/RS<br \/><strong>E-mail:<\/strong> cmc@glorinha.rs.gov.br<br \/><strong>Telefone:<\/strong> (51) 999614103<br \/><strong>Hor\u00e1rio de expediente:<\/strong> das 8 \u00e0s 12h e das 13 \u00e0s 17horas;<\/p>\n<blockquote>\n<p><strong>Agendamento De Ve\u00edculos<\/strong><\/p>\n<\/blockquote>\n<p><strong>Endere\u00e7o:<\/strong> Rua Francisco dos Santos, n\u00b045 (sala 3) \u2013 Centro de Glorinha\/RS<br \/><strong>E-mail:<\/strong> cmc@glorinha.rs.gov.br<br \/><strong>Telefone:<\/strong> (51) 999614103<br \/><strong>Hor\u00e1rio de expediente:<\/strong> das 8 \u00e0s 12h e das 13 \u00e0s 17horas;<\/p>\n<blockquote>\n<p><strong>Centro Municipal De Sa\u00fade Synval Guazzelli<\/strong><\/p>\n<\/blockquote>\n<p><strong>Endere\u00e7o:<\/strong> Av. Dr. Pomp\u00edlio Gomes Sobrinho n\u00ba 23900, Centro de Glorinha\/RS<br \/><strong>E-mail:<\/strong> saude@glorinha.rs.gov.br<br \/><strong>Telefone:\u00a0<\/strong> (51) 3487 1082<br \/><strong>Hor\u00e1rio de expediente:<\/strong> diariamente das 8h \u00e0s 20h<\/p>\n<blockquote>\n<p><strong>Telefone Ambul\u00e2ncia: <\/strong><\/p>\n<\/blockquote>\n<ul>\n<li><strong>Das 08h \u00e0s 20h<\/strong> &#8211; 192 Chamar 192<\/li>\n<li><strong>Das 20h \u00e0s 08h<\/strong> &#8211; 999.614.104 \u2013 Servi\u00e7o Terceirizado<\/li>\n<\/ul>\n<blockquote>\n<p><strong>Farm\u00e1cia Municipal<\/strong><\/p>\n<\/blockquote>\n<p><strong>Endere\u00e7o:<\/strong> Av. Dr. Pomp\u00edlio Gomes Sobrinho n\u00ba 23875 sala 5, centro de Glorinha\/RS<br \/><strong>Hor\u00e1rio de funcionamento:<\/strong> 2\u00aa a 6\u00aa feira, das 8h \u00e0s 12h e das 13h \u00e0s 17h<br \/><strong>Telefone:<\/strong> 3487-1104<br \/><strong>E-mail:<\/strong> <a href=\"mailto:farmacia@glorinha.rs.gov.br\">farmacia@glorinha.rs.gov.br<\/a><\/p>\n<blockquote>\n<p><strong>N\u00facleo De Apoio A Aten\u00e7\u00e3o B\u00e1sica \u2013 NAAB<\/strong><\/p>\n<\/blockquote>\n<p><strong>Endere\u00e7o:<\/strong> Av. Dr. Pomp\u00edlio Gomes Sobrinho n\u00ba 23810, centro de Glorinha\/RS<br \/><strong>Hor\u00e1rio de funcionamento:<\/strong> 2\u00aa a 6\u00aa feira, das 8h \u00e0s 12h e das 13h \u00e0s 17h<br \/><strong>Telefone:<\/strong> 3487-1104<br \/><strong>E-mail:<\/strong> <a href=\"mailto:saude@glorinha.rs.gov.br\">saude@glorinha.rs.gov.br<\/a><\/p>\n<blockquote>\n<p><strong>Unidade De Sa\u00fade C\u00e2ndido Pereira Filho<\/strong><\/p>\n<\/blockquote>\n<p><strong>Endere\u00e7o:<\/strong> Estrada Otac\u00edlio Soares n\u00ba 925, Cap\u00e3o Grande \u2013 Glorinha\/RS<br \/><strong>Hor\u00e1rio de funcionamento:<\/strong> Quinta-feira, das 8h30min \u00e0s 12h e das 13h \u00e0s 16h.<\/p>\n<blockquote>\n<p><strong>Unidade De Sa\u00fade Do Maracan\u00e3<\/strong><\/p>\n<\/blockquote>\n<p><strong>Endere\u00e7o:<\/strong> Estrada Jos\u00e9 Constant, n\u00ba 230, Maracan\u00e3 \u2013 Glorinha\/RS<br \/><strong>Hor\u00e1rio de funcionamento:<\/strong> Ter\u00e7a-feira, das 8h30min \u00e0s 12h e das 13h \u00e0s 16h.<\/p>\n<blockquote>\n<p><strong>Unidade M\u00f3vel De Sa\u00fade<\/strong><\/p>\n<\/blockquote>\n<p><strong>Endere\u00e7o:\u00a0<\/strong> Morro do Tigre \/ Boa Vista<\/p>\n<p><strong>Hor\u00e1rio de funcionamento: <\/strong>Toda primeira segunda-feira de cada m\u00eas, no turno da manh\u00e3;<\/p>\n<blockquote>\n<p><strong>Cl\u00ednica Municipal De Reabilita\u00e7\u00e3o Nilza Dias Ckless Soares<\/strong><\/p>\n<\/blockquote>\n<p><strong>Endere\u00e7o: <\/strong>Rua Ven\u00e2ncio dos Santos, n\u00ba 320A \u2013 Centro \u2013 Glorinha\/RS<br \/><strong>Telefone:<\/strong> 3487-1229<br \/><strong>Hor\u00e1rio de funcionamento:<\/strong> das 8 \u00e0s 12h e das 13 \u00e0s 17horas.<\/p>\n<\/div>\n\n\n<figure class=\"wp-block-image size-full is-resized\"><img fetchpriority=\"high\" decoding=\"async\" width=\"825\" height=\"250\" src=\"https:\/\/glorinha.rs.gov.br\/gov\/wp-content\/uploads\/2023\/10\/LogoFarmaceutico-1.png\" alt=\"\" class=\"wp-image-11021\" style=\"width:249px;height:75px\" srcset=\"https:\/\/glorinha.rs.gov.br\/gov\/wp-content\/uploads\/2023\/10\/LogoFarmaceutico-1.png 825w, https:\/\/glorinha.rs.gov.br\/gov\/wp-content\/uploads\/2023\/10\/LogoFarmaceutico-1-300x91.png 300w, https:\/\/glorinha.rs.gov.br\/gov\/wp-content\/uploads\/2023\/10\/LogoFarmaceutico-1-768x233.png 768w\" sizes=\"(max-width: 825px) 100vw, 825px\" \/><figcaption class=\"wp-element-caption\"><a href=\"https:\/\/famurs.com.br\/remume\" data-type=\"URL\" data-id=\"https:\/\/famurs.com.br\/remume\">https:\/\/famurs.com.br\/remume<\/a><\/figcaption><\/figure>\n","protected":false},"excerpt":{"rendered":"<p>Secret\u00e1rio: \u00a0DINA MARCIA GOMES SILVA E-mail:\u00a0saude@glorinha.rs.gov.brEndere\u00e7o: Rua Francisco dos Santos, n\u00b045 (sala 1)- Centro &#8211; GlorinhaTelefone:\u00a0 (51) 999614103Hor\u00e1rio de expediente:\u00a0das 8h \u00e0s 12h e das 13h \u00e0s 17h ATRIBUI\u00c7\u00d5ES \u00a0A&#8230;<\/p>\n","protected":false},"author":14,"featured_media":0,"parent":21,"menu_order":0,"comment_status":"closed","ping_status":"closed","template":"","meta":{"_eb_attr":"","footnotes":""},"class_list":["post-92","page","type-page","status-publish","hentry"],"_links":{"self":[{"href":"https:\/\/glorinha.rs.gov.br\/gov\/index.php?rest_route=\/wp\/v2\/pages\/92","targetHints":{"allow":["GET"]}}],"collection":[{"href":"https:\/\/glorinha.rs.gov.br\/gov\/index.php?rest_route=\/wp\/v2\/pages"}],"about":[{"href":"https:\/\/glorinha.rs.gov.br\/gov\/index.php?rest_route=\/wp\/v2\/types\/page"}],"author":[{"embeddable":true,"href":"https:\/\/glorinha.rs.gov.br\/gov\/index.php?rest_route=\/wp\/v2\/users\/14"}],"replies":[{"embeddable":true,"href":"https:\/\/glorinha.rs.gov.br\/gov\/index.php?rest_route=%2Fwp%2Fv2%2Fcomments&post=92"}],"version-history":[{"count":0,"href":"https:\/\/glorinha.rs.gov.br\/gov\/index.php?rest_route=\/wp\/v2\/pages\/92\/revisions"}],"up":[{"embeddable":true,"href":"https:\/\/glorinha.rs.gov.br\/gov\/index.php?rest_route=\/wp\/v2\/pages\/21"}],"wp:attachment":[{"href":"https:\/\/glorinha.rs.gov.br\/gov\/index.php?rest_route=%2Fwp%2Fv2%2Fmedia&parent=92"}],"curies":[{"name":"wp","href":"https:\/\/api.w.org\/{rel}","templated":true}]}}