{"id":9809,"date":"2022-08-04T14:53:15","date_gmt":"2022-08-04T17:53:15","guid":{"rendered":"http:\/\/glorinha.rs.gov.br\/gov\/?page_id=9809"},"modified":"2026-03-13T15:28:07","modified_gmt":"2026-03-13T18:28:07","slug":"itbi","status":"publish","type":"page","link":"https:\/\/glorinha.rs.gov.br\/gov\/?page_id=9809","title":{"rendered":"ITBI"},"content":{"rendered":"\t\t<div data-elementor-type=\"wp-page\" data-elementor-id=\"9809\" class=\"elementor elementor-9809\">\n\t\t\t\t\t\t<section class=\"elementor-section elementor-top-section elementor-element elementor-element-c2a7222 elementor-section-boxed elementor-section-height-default elementor-section-height-default\" data-id=\"c2a7222\" data-element_type=\"section\" data-settings=\"{&quot;_ha_eqh_enable&quot;:false}\">\n\t\t\t\t\t\t<div class=\"elementor-container elementor-column-gap-default\">\n\t\t\t\t\t<div class=\"elementor-column elementor-col-100 elementor-top-column elementor-element elementor-element-eb236f2\" data-id=\"eb236f2\" data-element_type=\"column\" data-settings=\"{&quot;background_background&quot;:&quot;classic&quot;}\">\n\t\t\t<div class=\"elementor-widget-wrap elementor-element-populated\">\n\t\t\t\t\t<div class=\"elementor-background-overlay\"><\/div>\n\t\t\t\t\t\t<div class=\"elementor-element elementor-element-27e09ac elementor-widget elementor-widget-heading\" data-id=\"27e09ac\" data-element_type=\"widget\" data-widget_type=\"heading.default\">\n\t\t\t\t<div class=\"elementor-widget-container\">\n\t\t\t<h4 class=\"elementor-heading-title elementor-size-default\">ITBI<\/h4>\t\t<\/div>\n\t\t\t\t<\/div>\n\t\t\t\t<div class=\"elementor-element elementor-element-77c0806 elementor-widget elementor-widget-heading\" data-id=\"77c0806\" data-element_type=\"widget\" data-widget_type=\"heading.default\">\n\t\t\t\t<div class=\"elementor-widget-container\">\n\t\t\t<h5 class=\"elementor-heading-title elementor-size-default\">IMPOSTO SOBRE TRANSMISS\u00c3O DE BENS IMOVEIS<\/h5>\t\t<\/div>\n\t\t\t\t<\/div>\n\t\t\t\t\t<\/div>\n\t\t<\/div>\n\t\t\t\t\t<\/div>\n\t\t<\/section>\n\t\t\t\t<section class=\"elementor-section elementor-top-section elementor-element elementor-element-979f324 elementor-section-boxed elementor-section-height-default elementor-section-height-default\" data-id=\"979f324\" data-element_type=\"section\" data-settings=\"{&quot;_ha_eqh_enable&quot;:false}\">\n\t\t\t\t\t\t<div class=\"elementor-container elementor-column-gap-default\">\n\t\t\t\t\t<div class=\"elementor-column elementor-col-100 elementor-top-column elementor-element elementor-element-d6fb7c5\" data-id=\"d6fb7c5\" data-element_type=\"column\">\n\t\t\t<div class=\"elementor-widget-wrap elementor-element-populated\">\n\t\t\t\t\t\t<div class=\"elementor-element elementor-element-7408631 elementor-widget elementor-widget-text-editor\" data-id=\"7408631\" data-element_type=\"widget\" data-widget_type=\"text-editor.default\">\n\t\t\t\t<div class=\"elementor-widget-container\">\n\t\t\t\t\t\t\t<blockquote><p style=\"text-align: left;\"><strong>Passo 1:\u00a0 Fa\u00e7a o download da Guia Guia Informativa do Imposto deTransmiss\u00e3o<\/strong><\/p><\/blockquote>\t\t\t\t\t\t<\/div>\n\t\t\t\t<\/div>\n\t\t\t\t\t<\/div>\n\t\t<\/div>\n\t\t\t\t\t<\/div>\n\t\t<\/section>\n\t\t\t\t<section class=\"elementor-section elementor-top-section elementor-element elementor-element-41bda03 elementor-section-boxed elementor-section-height-default elementor-section-height-default\" data-id=\"41bda03\" data-element_type=\"section\" data-settings=\"{&quot;_ha_eqh_enable&quot;:false}\">\n\t\t\t\t\t\t<div class=\"elementor-container elementor-column-gap-default\">\n\t\t\t\t\t<div class=\"elementor-column elementor-col-100 elementor-top-column elementor-element elementor-element-c54e59e\" data-id=\"c54e59e\" data-element_type=\"column\">\n\t\t\t<div class=\"elementor-widget-wrap elementor-element-populated\">\n\t\t\t\t\t\t<div class=\"elementor-element elementor-element-4db8cf5 elementor-align-center elementor-widget elementor-widget-button\" data-id=\"4db8cf5\" data-element_type=\"widget\" data-widget_type=\"button.default\">\n\t\t\t\t<div class=\"elementor-widget-container\">\n\t\t\t\t\t<div class=\"elementor-button-wrapper\">\n\t\t\t<a class=\"elementor-button elementor-button-link elementor-size-sm\" href=\"https:\/\/glorinha.rs.gov.br\/gov\/wp-content\/uploads\/2022\/08\/GIT_ITBI-1.doc\">\n\t\t\t\t\t\t<span class=\"elementor-button-content-wrapper\">\n\t\t\t\t\t\t\t\t\t<span class=\"elementor-button-text\">Acessar Guia <\/span>\n\t\t\t\t\t<\/span>\n\t\t\t\t\t<\/a>\n\t\t<\/div>\n\t\t\t\t<\/div>\n\t\t\t\t<\/div>\n\t\t\t\t\t<\/div>\n\t\t<\/div>\n\t\t\t\t\t<\/div>\n\t\t<\/section>\n\t\t\t\t<section class=\"elementor-section elementor-top-section elementor-element elementor-element-b1ac034 elementor-section-boxed elementor-section-height-default elementor-section-height-default\" data-id=\"b1ac034\" data-element_type=\"section\" data-settings=\"{&quot;_ha_eqh_enable&quot;:false}\">\n\t\t\t\t\t\t<div class=\"elementor-container elementor-column-gap-default\">\n\t\t\t\t\t<div class=\"elementor-column elementor-col-100 elementor-top-column elementor-element elementor-element-ecd598f\" data-id=\"ecd598f\" data-element_type=\"column\">\n\t\t\t<div class=\"elementor-widget-wrap elementor-element-populated\">\n\t\t\t\t\t\t<div class=\"elementor-element elementor-element-27811c6 elementor-widget elementor-widget-text-editor\" data-id=\"27811c6\" data-element_type=\"widget\" data-widget_type=\"text-editor.default\">\n\t\t\t\t<div class=\"elementor-widget-container\">\n\t\t\t\t\t\t\t<blockquote><p class=\"MsoNormal\" style=\"text-align: justify;\"><span style=\"font-family: arial, helvetica, sans-serif;\"><strong><span style=\"font-size: 12pt; line-height: 115%;\">Ap\u00f3s fazer o download do arquivo, preencher todos os campos, com obrigatoriedade de preenchimento do endere\u00e7o completo do transmitente e do adquirente, inclusive telefone e e-mail do adquirente, pois ser\u00e1 atrav\u00e9s do e-mail que o contribuinte ir\u00e1 receber a confirma\u00e7\u00e3o de que a guia de ITBI j\u00e1 est\u00e1 liberada.<\/span><\/strong><\/span><\/p><p class=\"MsoNormal\" style=\"text-align: justify;\"><span style=\"font-family: arial, helvetica, sans-serif;\"><strong><span style=\"font-size: 12pt; line-height: 115%;\">\u00c9 obrigat\u00f3rio tamb\u00e9m o preenchimento de todos os campos da localiza\u00e7\u00e3o do im\u00f3vel objeto da avalia\u00e7\u00e3o, inclusive o Ponto de Refer\u00eancia, para facilitar a vistoria pr\u00e9via. Importante incluir o preenchimento da metragem do im\u00f3vel, testada, lados e fundos. Al\u00e9m disso, incluir mapa com a localiza\u00e7\u00e3o exata do im\u00f3vel.<\/span><\/strong><\/span><\/p><\/blockquote>\t\t\t\t\t\t<\/div>\n\t\t\t\t<\/div>\n\t\t\t\t\t<\/div>\n\t\t<\/div>\n\t\t\t\t\t<\/div>\n\t\t<\/section>\n\t\t\t\t<section class=\"elementor-section elementor-top-section elementor-element elementor-element-7959fa9 elementor-section-boxed elementor-section-height-default elementor-section-height-default\" data-id=\"7959fa9\" data-element_type=\"section\" data-settings=\"{&quot;_ha_eqh_enable&quot;:false}\">\n\t\t\t\t\t\t<div class=\"elementor-container elementor-column-gap-default\">\n\t\t\t\t\t<div class=\"elementor-column elementor-col-100 elementor-top-column elementor-element elementor-element-dced434\" data-id=\"dced434\" data-element_type=\"column\">\n\t\t\t<div class=\"elementor-widget-wrap elementor-element-populated\">\n\t\t\t\t\t\t<div class=\"elementor-element elementor-element-ccca328 elementor-widget elementor-widget-text-editor\" data-id=\"ccca328\" data-element_type=\"widget\" data-widget_type=\"text-editor.default\">\n\t\t\t\t<div class=\"elementor-widget-container\">\n\t\t\t\t\t\t\t<blockquote><p><strong>Ap\u00f3s o preenchimento de todos os dados, a mesma deve ser assinada pelo contribuinte ou com o carimbo do cart\u00f3rio onde ser\u00e1 encaminhada a escritura p\u00fablica de transfer\u00eancia do im\u00f3vel. Depois deve ser enviado para o e-mail <a href=\"mailto:tribut\u00e1rio@glorinha.rs.gov.br\">tributario@glorinha.rs.gov.br<\/a>, e aguardar retorno da libera\u00e7\u00e3o da mesma.<\/strong><\/p><\/blockquote>\t\t\t\t\t\t<\/div>\n\t\t\t\t<\/div>\n\t\t\t\t\t<\/div>\n\t\t<\/div>\n\t\t\t\t\t<\/div>\n\t\t<\/section>\n\t\t\t\t<section class=\"elementor-section elementor-top-section elementor-element elementor-element-b13f277 elementor-section-boxed elementor-section-height-default elementor-section-height-default\" data-id=\"b13f277\" data-element_type=\"section\" data-settings=\"{&quot;_ha_eqh_enable&quot;:false}\">\n\t\t\t\t\t\t<div class=\"elementor-container elementor-column-gap-default\">\n\t\t\t\t\t<div class=\"elementor-column elementor-col-100 elementor-top-column elementor-element elementor-element-7693c8b\" data-id=\"7693c8b\" data-element_type=\"column\">\n\t\t\t<div class=\"elementor-widget-wrap elementor-element-populated\">\n\t\t\t\t\t\t<div class=\"elementor-element elementor-element-0f6e679 elementor-widget elementor-widget-text-editor\" data-id=\"0f6e679\" data-element_type=\"widget\" data-widget_type=\"text-editor.default\">\n\t\t\t\t<div class=\"elementor-widget-container\">\n\t\t\t\t\t\t\t<blockquote><p><strong>Ap\u00f3s a avalia\u00e7\u00e3o da Guia de ITBI por um dos Fiscais Tribut\u00e1rios o contribuinte receber\u00e1 um e-mail informando o n\u00famero da Guia de ITBI, e que a mesma j\u00e1 est\u00e1 dispon\u00edvel para pagamento.<\/strong><\/p><p><strong>Inicialmente o contribuinte ter\u00e1 que entrar novamente no site do munic\u00edpio para emitir o boleto de pagamento da Guia de ITBI, atrav\u00e9s do seguinte caminho:<\/strong><\/p><\/blockquote>\t\t\t\t\t\t<\/div>\n\t\t\t\t<\/div>\n\t\t\t\t\t<\/div>\n\t\t<\/div>\n\t\t\t\t\t<\/div>\n\t\t<\/section>\n\t\t\t\t<section class=\"elementor-section elementor-top-section elementor-element elementor-element-fcf88da elementor-section-boxed elementor-section-height-default elementor-section-height-default\" data-id=\"fcf88da\" data-element_type=\"section\" data-settings=\"{&quot;_ha_eqh_enable&quot;:false}\">\n\t\t\t\t\t\t<div class=\"elementor-container elementor-column-gap-default\">\n\t\t\t\t\t<div class=\"elementor-column elementor-col-100 elementor-top-column elementor-element elementor-element-2826f77\" data-id=\"2826f77\" data-element_type=\"column\">\n\t\t\t<div class=\"elementor-widget-wrap elementor-element-populated\">\n\t\t\t\t\t\t<div class=\"elementor-element elementor-element-3dd1b1d elementor-widget elementor-widget-text-editor\" data-id=\"3dd1b1d\" data-element_type=\"widget\" data-widget_type=\"text-editor.default\">\n\t\t\t\t<div class=\"elementor-widget-container\">\n\t\t\t\t\t\t\t<ol><li><strong>Entrar no site <a href=\"http:\/\/www.glorinha.rs.gov.br\">glorinha.rs.gov.br<\/a><\/strong><\/li><li><strong>A esquerda no site em Servi\u00e7os ao Cidad\u00e3o\u201d clicar em \u201cServi\u00e7os ao Contribuinte\u201d.<\/strong><\/li><li><strong>Clicar em \u201c<a href=\"https:\/\/webapp1-glorinha.cidade360.cloud:8443\/cidadao\">CONSULTA AOS D\u00c9BITOS, EMISS\u00c3O DE BOLETOS CND E ITBI<\/a>\u201d<\/strong><\/li><li><strong>Clicar em \u201cGuia de Recolhimento\u201d e seguir os passos conforme tela abaixo:<\/strong><\/li><\/ol>\t\t\t\t\t\t<\/div>\n\t\t\t\t<\/div>\n\t\t\t\t\t<\/div>\n\t\t<\/div>\n\t\t\t\t\t<\/div>\n\t\t<\/section>\n\t\t\t\t<section class=\"elementor-section elementor-top-section elementor-element elementor-element-ed9af9c elementor-section-boxed elementor-section-height-default elementor-section-height-default\" data-id=\"ed9af9c\" data-element_type=\"section\" data-settings=\"{&quot;_ha_eqh_enable&quot;:false}\">\n\t\t\t\t\t\t<div class=\"elementor-container elementor-column-gap-default\">\n\t\t\t\t\t<div class=\"elementor-column elementor-col-100 elementor-top-column elementor-element elementor-element-53d9932\" data-id=\"53d9932\" data-element_type=\"column\">\n\t\t\t<div class=\"elementor-widget-wrap elementor-element-populated\">\n\t\t\t\t\t\t<div class=\"elementor-element elementor-element-322c154 elementor-widget elementor-widget-image\" data-id=\"322c154\" data-element_type=\"widget\" data-widget_type=\"image.default\">\n\t\t\t\t<div class=\"elementor-widget-container\">\n\t\t\t\t\t\t\t\t\t\t\t\t\t<img fetchpriority=\"high\" decoding=\"async\" width=\"595\" height=\"400\" src=\"https:\/\/glorinha.rs.gov.br\/gov\/wp-content\/uploads\/2022\/08\/werwerwer.png\" class=\"attachment-large size-large wp-image-9895\" alt=\"\" srcset=\"https:\/\/glorinha.rs.gov.br\/gov\/wp-content\/uploads\/2022\/08\/werwerwer.png 595w, https:\/\/glorinha.rs.gov.br\/gov\/wp-content\/uploads\/2022\/08\/werwerwer-300x202.png 300w\" sizes=\"(max-width: 595px) 100vw, 595px\" \/>\t\t\t\t\t\t\t\t\t\t\t\t\t<\/div>\n\t\t\t\t<\/div>\n\t\t\t\t\t<\/div>\n\t\t<\/div>\n\t\t\t\t\t<\/div>\n\t\t<\/section>\n\t\t\t\t<section class=\"elementor-section elementor-top-section elementor-element elementor-element-9f26556 elementor-section-boxed elementor-section-height-default elementor-section-height-default\" data-id=\"9f26556\" data-element_type=\"section\" data-settings=\"{&quot;_ha_eqh_enable&quot;:false}\">\n\t\t\t\t\t\t<div class=\"elementor-container elementor-column-gap-default\">\n\t\t\t\t\t<div class=\"elementor-column elementor-col-100 elementor-top-column elementor-element elementor-element-ef09e1b\" data-id=\"ef09e1b\" data-element_type=\"column\">\n\t\t\t<div class=\"elementor-widget-wrap elementor-element-populated\">\n\t\t\t\t\t\t<div class=\"elementor-element elementor-element-3c7a429 elementor-widget elementor-widget-text-editor\" data-id=\"3c7a429\" data-element_type=\"widget\" data-widget_type=\"text-editor.default\">\n\t\t\t\t<div class=\"elementor-widget-container\">\n\t\t\t\t\t\t\t<ol><li><strong>Ap\u00f3s emiss\u00e3o da Guia de Recolhimento o contribuinte dever\u00e1 efetuar o pagamento em qualquer ag\u00eancia banc\u00e1ria. Ap\u00f3s o pagamento, o contribuinte dever\u00e1 aguardar 3 (tr\u00eas) dias \u00fateis para emitir a Guia de ITBI.<\/strong><\/li><li><strong>Para emiss\u00e3o da Guia de ITBI o contribuinte ira Entrar no site <a href=\"http:\/\/www.glorinha.rs.gov.br\">glorinha.rs.gov.br<\/a><\/strong><\/li><li><strong>A esquerda no site em Servi\u00e7os ao Cidad\u00e3o\u201d clicar em \u201cServi\u00e7os ao Contribuinte\u201d.<\/strong><\/li><li><strong>Clicar em \u201c<a href=\"https:\/\/webapp1-glorinha.cidade360.cloud:8443\/cidadao\">CONSULTA AOS D\u00c9BITOS, EMISS\u00c3O DE BOLETOS CND E ITBI<\/a>\u201d<\/strong><\/li><li><strong>Clicar em \u201cCND\/ITBI\/Inscri\u00e7\u00e3o Municipal\/Lotac\u00e3o Imovel\u201d e seguir os passos conforme tela abaixo:<\/strong><\/li><\/ol>\t\t\t\t\t\t<\/div>\n\t\t\t\t<\/div>\n\t\t\t\t\t<\/div>\n\t\t<\/div>\n\t\t\t\t\t<\/div>\n\t\t<\/section>\n\t\t\t\t<section class=\"elementor-section elementor-top-section elementor-element elementor-element-4b9516c elementor-section-boxed elementor-section-height-default elementor-section-height-default\" data-id=\"4b9516c\" data-element_type=\"section\" data-settings=\"{&quot;_ha_eqh_enable&quot;:false}\">\n\t\t\t\t\t\t<div class=\"elementor-container elementor-column-gap-default\">\n\t\t\t\t\t<div class=\"elementor-column elementor-col-100 elementor-top-column elementor-element elementor-element-22ec708\" data-id=\"22ec708\" data-element_type=\"column\">\n\t\t\t<div class=\"elementor-widget-wrap elementor-element-populated\">\n\t\t\t\t\t\t<div class=\"elementor-element elementor-element-da74ef4 elementor-widget elementor-widget-image\" data-id=\"da74ef4\" data-element_type=\"widget\" data-widget_type=\"image.default\">\n\t\t\t\t<div class=\"elementor-widget-container\">\n\t\t\t\t\t\t\t\t\t\t\t\t\t<img decoding=\"async\" width=\"639\" height=\"451\" src=\"https:\/\/glorinha.rs.gov.br\/gov\/wp-content\/uploads\/2022\/08\/werwerwasdasder.png\" class=\"attachment-large size-large wp-image-9897\" alt=\"\" srcset=\"https:\/\/glorinha.rs.gov.br\/gov\/wp-content\/uploads\/2022\/08\/werwerwasdasder.png 639w, https:\/\/glorinha.rs.gov.br\/gov\/wp-content\/uploads\/2022\/08\/werwerwasdasder-300x212.png 300w\" sizes=\"(max-width: 639px) 100vw, 639px\" \/>\t\t\t\t\t\t\t\t\t\t\t\t\t<\/div>\n\t\t\t\t<\/div>\n\t\t\t\t\t<\/div>\n\t\t<\/div>\n\t\t\t\t\t<\/div>\n\t\t<\/section>\n\t\t\t\t<section class=\"elementor-section elementor-top-section elementor-element elementor-element-e013975 elementor-section-boxed elementor-section-height-default elementor-section-height-default\" data-id=\"e013975\" data-element_type=\"section\" data-settings=\"{&quot;_ha_eqh_enable&quot;:false}\">\n\t\t\t\t\t\t<div class=\"elementor-container elementor-column-gap-default\">\n\t\t\t\t\t<div class=\"elementor-column elementor-col-100 elementor-top-column elementor-element elementor-element-d253721\" data-id=\"d253721\" data-element_type=\"column\">\n\t\t\t<div class=\"elementor-widget-wrap elementor-element-populated\">\n\t\t\t\t\t\t<div class=\"elementor-element elementor-element-1960425 elementor-widget elementor-widget-text-editor\" data-id=\"1960425\" data-element_type=\"widget\" data-widget_type=\"text-editor.default\">\n\t\t\t\t<div class=\"elementor-widget-container\">\n\t\t\t\t\t\t\t<p class=\"MsoListParagraph\" style=\"text-align: justify; text-indent: -18.0pt; mso-list: l0 level1 lfo1;\"><span style=\"font-size: 14.0pt; line-height: 115%; font-family: 'Arial','sans-serif'; mso-fareast-font-family: Arial;\"><span style=\"font: 7.0pt 'Times New Roman';\">\u00a0 \u00a0<\/span><\/span><!--[endif]--><strong><span style=\"font-size: 12.0pt; line-height: 115%; font-family: 'Arial','sans-serif';\">Ap\u00f3s emiss\u00e3o do boleto, dever\u00e1 ser encaminhada c\u00f3pia da Guia de ITBI e do comprovante de pagamento ao cart\u00f3rio onde ser\u00e1 efetuada a transmiss\u00e3o.\u00a0<\/span><\/strong><\/p>\t\t\t\t\t\t<\/div>\n\t\t\t\t<\/div>\n\t\t\t\t\t<\/div>\n\t\t<\/div>\n\t\t\t\t\t<\/div>\n\t\t<\/section>\n\t\t\t\t<section class=\"elementor-section elementor-top-section elementor-element elementor-element-c7545f4 elementor-section-boxed elementor-section-height-default elementor-section-height-default\" data-id=\"c7545f4\" data-element_type=\"section\" data-settings=\"{&quot;_ha_eqh_enable&quot;:false}\">\n\t\t\t\t\t\t<div class=\"elementor-container elementor-column-gap-default\">\n\t\t\t\t\t<div class=\"elementor-column elementor-col-100 elementor-top-column elementor-element elementor-element-720cbe7\" data-id=\"720cbe7\" data-element_type=\"column\">\n\t\t\t<div class=\"elementor-widget-wrap\">\n\t\t\t\t\t\t\t<\/div>\n\t\t<\/div>\n\t\t\t\t\t<\/div>\n\t\t<\/section>\n\t\t\t\t<section class=\"elementor-section elementor-top-section elementor-element elementor-element-ab3fae0 elementor-section-boxed elementor-section-height-default elementor-section-height-default\" data-id=\"ab3fae0\" data-element_type=\"section\" data-settings=\"{&quot;_ha_eqh_enable&quot;:false}\">\n\t\t\t\t\t\t<div class=\"elementor-container elementor-column-gap-default\">\n\t\t\t\t\t<div class=\"elementor-column elementor-col-100 elementor-top-column elementor-element elementor-element-40edf1f\" data-id=\"40edf1f\" data-element_type=\"column\">\n\t\t\t<div class=\"elementor-widget-wrap elementor-element-populated\">\n\t\t\t\t\t\t<div class=\"elementor-element elementor-element-9b50fbd elementor-widget elementor-widget-text-editor\" data-id=\"9b50fbd\" data-element_type=\"widget\" data-widget_type=\"text-editor.default\">\n\t\t\t\t<div class=\"elementor-widget-container\">\n\t\t\t\t\t\t\t<p style=\"text-align: center;\"><span style=\"color: #000000;\"><strong>ENTRE EM CONTATO COM O SETOR TRIBUT\u00c1RIO ATRAV\u00c9S DOS CONTATOS:<\/strong><\/span><\/p>\t\t\t\t\t\t<\/div>\n\t\t\t\t<\/div>\n\t\t\t\t\t<\/div>\n\t\t<\/div>\n\t\t\t\t\t<\/div>\n\t\t<\/section>\n\t\t\t\t<section class=\"elementor-section elementor-inner-section elementor-element elementor-element-8a73639 elementor-section-boxed elementor-section-height-default elementor-section-height-default\" data-id=\"8a73639\" data-element_type=\"section\" data-settings=\"{&quot;_ha_eqh_enable&quot;:false}\">\n\t\t\t\t\t\t<div class=\"elementor-container elementor-column-gap-default\">\n\t\t\t\t\t<div class=\"elementor-column elementor-col-50 elementor-inner-column elementor-element elementor-element-17f2625\" data-id=\"17f2625\" data-element_type=\"column\">\n\t\t\t<div class=\"elementor-widget-wrap elementor-element-populated\">\n\t\t\t\t\t\t<div class=\"elementor-element elementor-element-f44336d elementor-view-default elementor-widget elementor-widget-icon\" data-id=\"f44336d\" data-element_type=\"widget\" data-widget_type=\"icon.default\">\n\t\t\t\t<div class=\"elementor-widget-container\">\n\t\t\t\t\t<div class=\"elementor-icon-wrapper\">\n\t\t\t<div class=\"elementor-icon\">\n\t\t\t<i aria-hidden=\"true\" class=\"fas fa-phone-square-alt\"><\/i>\t\t\t<\/div>\n\t\t<\/div>\n\t\t\t\t<\/div>\n\t\t\t\t<\/div>\n\t\t\t\t<div class=\"elementor-element elementor-element-113931e elementor-widget elementor-widget-heading\" data-id=\"113931e\" data-element_type=\"widget\" data-widget_type=\"heading.default\">\n\t\t\t\t<div class=\"elementor-widget-container\">\n\t\t\t<div class=\"elementor-heading-title elementor-size-default\">tELEFONE<\/div>\t\t<\/div>\n\t\t\t\t<\/div>\n\t\t\t\t<div class=\"elementor-element elementor-element-6d7fdd1 elementor-widget elementor-widget-text-editor\" data-id=\"6d7fdd1\" data-element_type=\"widget\" data-widget_type=\"text-editor.default\">\n\t\t\t\t<div class=\"elementor-widget-container\">\n\t\t\t\t\t\t\t<p style=\"text-align: center;\"><b>3487-1020 Ramal 215<\/b><\/p>\t\t\t\t\t\t<\/div>\n\t\t\t\t<\/div>\n\t\t\t\t\t<\/div>\n\t\t<\/div>\n\t\t\t\t<div class=\"elementor-column elementor-col-50 elementor-inner-column elementor-element elementor-element-60f0263\" data-id=\"60f0263\" data-element_type=\"column\">\n\t\t\t<div class=\"elementor-widget-wrap elementor-element-populated\">\n\t\t\t\t\t\t<div class=\"elementor-element elementor-element-7417d8f elementor-view-default elementor-widget elementor-widget-icon\" data-id=\"7417d8f\" data-element_type=\"widget\" data-widget_type=\"icon.default\">\n\t\t\t\t<div class=\"elementor-widget-container\">\n\t\t\t\t\t<div class=\"elementor-icon-wrapper\">\n\t\t\t<div class=\"elementor-icon\">\n\t\t\t<i aria-hidden=\"true\" class=\"fab fa-whatsapp-square\"><\/i>\t\t\t<\/div>\n\t\t<\/div>\n\t\t\t\t<\/div>\n\t\t\t\t<\/div>\n\t\t\t\t<div class=\"elementor-element elementor-element-a52f376 elementor-widget elementor-widget-heading\" data-id=\"a52f376\" data-element_type=\"widget\" data-widget_type=\"heading.default\">\n\t\t\t\t<div class=\"elementor-widget-container\">\n\t\t\t<div class=\"elementor-heading-title elementor-size-medium\">Whatsapp<\/div>\t\t<\/div>\n\t\t\t\t<\/div>\n\t\t\t\t<div class=\"elementor-element elementor-element-e1b4ce6 elementor-widget elementor-widget-text-editor\" data-id=\"e1b4ce6\" data-element_type=\"widget\" data-widget_type=\"text-editor.default\">\n\t\t\t\t<div class=\"elementor-widget-container\">\n\t\t\t\t\t\t\t<p style=\"text-align: center;\"><strong>51 99994-5251<\/strong><\/p>\t\t\t\t\t\t<\/div>\n\t\t\t\t<\/div>\n\t\t\t\t\t<\/div>\n\t\t<\/div>\n\t\t\t\t\t<\/div>\n\t\t<\/section>\n\t\t\t\t<\/div>\n\t\t","protected":false},"excerpt":{"rendered":"<p>ITBI IMPOSTO SOBRE TRANSMISS\u00c3O DE BENS IMOVEIS Passo 1:\u00a0 Fa\u00e7a o download da Guia Guia Informativa do Imposto deTransmiss\u00e3o Acessar Guia Ap\u00f3s fazer o download do arquivo, preencher todos os&#8230;<\/p>\n","protected":false},"author":14,"featured_media":0,"parent":0,"menu_order":0,"comment_status":"closed","ping_status":"closed","template":"","meta":{"_eb_attr":"","footnotes":""},"class_list":["post-9809","page","type-page","status-publish","hentry"],"_links":{"self":[{"href":"https:\/\/glorinha.rs.gov.br\/gov\/index.php?rest_route=\/wp\/v2\/pages\/9809","targetHints":{"allow":["GET"]}}],"collection":[{"href":"https:\/\/glorinha.rs.gov.br\/gov\/index.php?rest_route=\/wp\/v2\/pages"}],"about":[{"href":"https:\/\/glorinha.rs.gov.br\/gov\/index.php?rest_route=\/wp\/v2\/types\/page"}],"author":[{"embeddable":true,"href":"https:\/\/glorinha.rs.gov.br\/gov\/index.php?rest_route=\/wp\/v2\/users\/14"}],"replies":[{"embeddable":true,"href":"https:\/\/glorinha.rs.gov.br\/gov\/index.php?rest_route=%2Fwp%2Fv2%2Fcomments&post=9809"}],"version-history":[{"count":0,"href":"https:\/\/glorinha.rs.gov.br\/gov\/index.php?rest_route=\/wp\/v2\/pages\/9809\/revisions"}],"wp:attachment":[{"href":"https:\/\/glorinha.rs.gov.br\/gov\/index.php?rest_route=%2Fwp%2Fv2%2Fmedia&parent=9809"}],"curies":[{"name":"wp","href":"https:\/\/api.w.org\/{rel}","templated":true}]}}